{"id":4006,"date":"2024-05-28T11:52:14","date_gmt":"2024-05-28T09:52:14","guid":{"rendered":"https:\/\/access2agile.com\/methodology\/"},"modified":"2024-09-11T10:50:53","modified_gmt":"2024-09-11T08:50:53","slug":"methodology","status":"publish","type":"page","link":"https:\/\/access2agile.com\/de\/methodology\/","title":{"rendered":"Methodik"},"content":{"rendered":"<p><div class=\"fusion-fullwidth fullwidth-box fusion-builder-row-1 fusion-flex-container has-pattern-background has-mask-background nonhundred-percent-fullwidth non-hundred-percent-height-scrolling\" style=\"--awb-border-radius-top-left:0px;--awb-border-radius-top-right:0px;--awb-border-radius-bottom-right:0px;--awb-border-radius-bottom-left:0px;--awb-flex-wrap:wrap;\" ><div class=\"fusion-builder-row fusion-row fusion-flex-align-items-flex-start fusion-flex-content-wrap\" style=\"max-width:1248px;margin-left: calc(-4% \/ 2 );margin-right: calc(-4% \/ 2 );\"><div class=\"fusion-layout-column fusion_builder_column fusion-builder-column-0 fusion_builder_column_1_1 1_1 fusion-flex-column\" style=\"--awb-bg-size:cover;--awb-width-large:100%;--awb-margin-top-large:0px;--awb-spacing-right-large:1.92%;--awb-margin-bottom-large:50px;--awb-spacing-left-large:1.92%;--awb-width-medium:100%;--awb-order-medium:0;--awb-spacing-right-medium:1.92%;--awb-spacing-left-medium:1.92%;--awb-width-small:100%;--awb-order-small:0;--awb-spacing-right-small:1.92%;--awb-spacing-left-small:1.92%;\" data-scroll-devices=\"small-visibility,medium-visibility,large-visibility\"><div class=\"fusion-column-wrapper fusion-column-has-shadow fusion-flex-justify-content-flex-start fusion-content-layout-column\"><div class=\"fusion-text fusion-text-1\"><p style=\"text-align: left;\">Unser Methodik-Portfolio konzentriert sich auf die verschiedenen Ans\u00e4tze und Techniken, die die Grundlage f\u00fcr agile Praktiken bilden. Wir bieten tiefe Einblicke und praktische Anleitungen zu einer Vielzahl von agilen Methoden, darunter Agile Maturity Models, Product Lifecycle Management, Design Thinking, Management 4.0 und Lego Serious Play. Jede Methode bietet einzigartige Prinzipien und Praktiken zur Verbesserung der Zusammenarbeit, Innovation und Effizienz in Ihrem Unternehmen. Ganz gleich, ob Sie Ihren agilen Reifegrad bewerten und verbessern, die Produktentwicklung von der Entstehung bis zur Ausmusterung verwalten, kreative Probleml\u00f6sungen f\u00f6rdern oder moderne F\u00fchrungsf\u00e4higkeiten entwickeln m\u00f6chten &#8211; unser Methodenportfolio bietet Ihnen die Ressourcen und das Fachwissen, das Sie ben\u00f6tigen. Entdecken Sie, wie unsere Methoden Ihren Ansatz ver\u00e4ndern und zu nachhaltigem Erfolg f\u00fchren k\u00f6nnen.<\/p>\n<\/div><\/div><\/div><div class=\"fusion-layout-column fusion_builder_column fusion-builder-column-1 fusion_builder_column_1_1 1_1 fusion-flex-column fusion-animated\" style=\"--awb-padding-top:20px;--awb-padding-right:20px;--awb-padding-bottom:20px;--awb-padding-left:20px;--awb-overflow:hidden;--awb-bg-size:cover;--awb-box-shadow:5px 5px 24px 1px #b2b2b2;;--awb-border-radius:15px 0px 15px 0px;--awb-width-large:100%;--awb-margin-top-large:0px;--awb-spacing-right-large:1.92%;--awb-margin-bottom-large:50px;--awb-spacing-left-large:1.92%;--awb-width-medium:100%;--awb-order-medium:0;--awb-spacing-right-medium:1.92%;--awb-spacing-left-medium:1.92%;--awb-width-small:100%;--awb-order-small:0;--awb-spacing-right-small:1.92%;--awb-spacing-left-small:1.92%;\" data-animationType=\"fadeInDown\" data-animationDuration=\"0.8\" data-animationOffset=\"top-into-view\" data-scroll-devices=\"small-visibility,medium-visibility,large-visibility\"><div class=\"fusion-column-wrapper fusion-column-has-shadow fusion-flex-justify-content-flex-start fusion-content-layout-column\"><div class=\"fusion-text fusion-text-2\"><p><strong>Agile Reifegradmodelle &amp; Effizienzmetriken<\/strong>: Agile Reifegradmodelle bieten einen Rahmen f\u00fcr die Bewertung und Verbesserung des agilen Reifegrads einer Organisation. Effizienzmetriken wie Zykluszeit, Durchsatz und Vorlaufzeit helfen Organisationen, die Effektivit\u00e4t ihrer agilen Praktiken zu messen und Bereiche mit Verbesserungsbedarf zu identifizieren.<\/p>\n<\/div><\/div><\/div><div class=\"fusion-layout-column fusion_builder_column fusion-builder-column-2 fusion_builder_column_1_1 1_1 fusion-flex-column\" style=\"--awb-padding-top:20px;--awb-padding-right:20px;--awb-padding-bottom:20px;--awb-padding-left:20px;--awb-overflow:hidden;--awb-bg-size:cover;--awb-box-shadow:5px 5px 24px 1px #b2b2b2;;--awb-border-radius:15px 0px 15px 0px;--awb-width-large:100%;--awb-margin-top-large:0px;--awb-spacing-right-large:1.92%;--awb-margin-bottom-large:50px;--awb-spacing-left-large:1.92%;--awb-width-medium:100%;--awb-order-medium:0;--awb-spacing-right-medium:1.92%;--awb-spacing-left-medium:1.92%;--awb-width-small:100%;--awb-order-small:0;--awb-spacing-right-small:1.92%;--awb-spacing-left-small:1.92%;\" data-scroll-devices=\"small-visibility,medium-visibility,large-visibility\"><div class=\"fusion-column-wrapper fusion-column-has-shadow fusion-flex-justify-content-flex-start fusion-content-layout-column\"><div class=\"fusion-text fusion-text-3\"><p><strong>Produktlebenszyklus Management<\/strong>: Product Lifecycle Management (PLM) ist ein strategischer Ansatz zur Verwaltung des gesamten Lebenszyklus eines Produkts, von der Entwicklung \u00fcber die Konstruktion und Fertigung bis hin zu Service und Entsorgung. Es umfasst Prozesse, Werkzeuge und Methoden zur Optimierung der Produktentwicklung, zur Verk\u00fcrzung der Markteinf\u00fchrungszeit und zur Maximierung des Produktwerts.<\/p>\n<\/div><\/div><\/div><div class=\"fusion-layout-column fusion_builder_column fusion-builder-column-3 fusion_builder_column_1_1 1_1 fusion-flex-column fusion-animated\" style=\"--awb-padding-top:20px;--awb-padding-right:20px;--awb-padding-bottom:20px;--awb-padding-left:20px;--awb-overflow:hidden;--awb-bg-size:cover;--awb-box-shadow:5px 5px 24px 1px #b2b2b2;;--awb-border-radius:15px 0px 15px 0px;--awb-width-large:100%;--awb-margin-top-large:0px;--awb-spacing-right-large:1.92%;--awb-margin-bottom-large:50px;--awb-spacing-left-large:1.92%;--awb-width-medium:100%;--awb-order-medium:0;--awb-spacing-right-medium:1.92%;--awb-spacing-left-medium:1.92%;--awb-width-small:100%;--awb-order-small:0;--awb-spacing-right-small:1.92%;--awb-spacing-left-small:1.92%;\" data-animationType=\"fadeInDown\" data-animationDuration=\"0.8\" data-animationOffset=\"top-into-view\" data-scroll-devices=\"small-visibility,medium-visibility,large-visibility\"><div class=\"fusion-column-wrapper fusion-column-has-shadow fusion-flex-justify-content-flex-start fusion-content-layout-column\"><div class=\"fusion-text fusion-text-4\"><p><strong>Design Thinking<\/strong>: Design Thinking ist ein auf den Menschen bezogener Ansatz f\u00fcr Innovation und Probleml\u00f6sung, bei dem Einf\u00fchlungsverm\u00f6gen, Kreativit\u00e4t und iteratives Prototyping im Vordergrund stehen. Es geht darum, die Bed\u00fcrfnisse der Benutzer zu verstehen, Ideen zu entwickeln und L\u00f6sungen zu testen, um Produkte, Dienstleistungen und Erfahrungen zu schaffen, die die Bed\u00fcrfnisse der Benutzer erf\u00fcllen und den Gesch\u00e4ftserfolg f\u00f6rdern.<\/p>\n<\/div><\/div><\/div><div class=\"fusion-layout-column fusion_builder_column fusion-builder-column-4 fusion_builder_column_1_1 1_1 fusion-flex-column fusion-animated\" style=\"--awb-padding-top:20px;--awb-padding-right:20px;--awb-padding-bottom:20px;--awb-padding-left:20px;--awb-overflow:hidden;--awb-bg-size:cover;--awb-box-shadow:5px 5px 24px 1px #b2b2b2;;--awb-border-radius:15px 0px 15px 0px;--awb-width-large:100%;--awb-margin-top-large:0px;--awb-spacing-right-large:1.92%;--awb-margin-bottom-large:50px;--awb-spacing-left-large:1.92%;--awb-width-medium:100%;--awb-order-medium:0;--awb-spacing-right-medium:1.92%;--awb-spacing-left-medium:1.92%;--awb-width-small:100%;--awb-order-small:0;--awb-spacing-right-small:1.92%;--awb-spacing-left-small:1.92%;\" data-animationType=\"fadeInDown\" data-animationDuration=\"0.8\" data-animationOffset=\"top-into-view\" data-scroll-devices=\"small-visibility,medium-visibility,large-visibility\"><div class=\"fusion-column-wrapper fusion-column-has-shadow fusion-flex-justify-content-flex-start fusion-content-layout-column\"><div class=\"fusion-text fusion-text-5\"><p><strong>Management 4.0<\/strong>: Management 4.0 ist ein moderner Ansatz f\u00fcr F\u00fchrung und Management, der Agilit\u00e4t, Zusammenarbeit und kontinuierliches Lernen umfasst. Der Schwerpunkt liegt auf der Bef\u00e4higung von Teams, der F\u00f6rderung von Innovation und der Anpassung an Ver\u00e4nderungen in sich schnell entwickelnden Gesch\u00e4ftsumgebungen.<\/p>\n<\/div><\/div><\/div><div class=\"fusion-layout-column fusion_builder_column fusion-builder-column-5 fusion_builder_column_1_1 1_1 fusion-flex-column fusion-animated\" style=\"--awb-padding-top:20px;--awb-padding-right:20px;--awb-padding-bottom:20px;--awb-padding-left:20px;--awb-overflow:hidden;--awb-bg-size:cover;--awb-box-shadow:5px 5px 24px 1px #b2b2b2;;--awb-border-radius:15px 0px 15px 0px;--awb-width-large:100%;--awb-margin-top-large:0px;--awb-spacing-right-large:1.92%;--awb-margin-bottom-large:20px;--awb-spacing-left-large:1.92%;--awb-width-medium:100%;--awb-order-medium:0;--awb-spacing-right-medium:1.92%;--awb-spacing-left-medium:1.92%;--awb-width-small:100%;--awb-order-small:0;--awb-spacing-right-small:1.92%;--awb-spacing-left-small:1.92%;\" data-animationType=\"fadeInDown\" data-animationDuration=\"0.8\" data-animationOffset=\"top-into-view\" data-scroll-devices=\"small-visibility,medium-visibility,large-visibility\"><div class=\"fusion-column-wrapper fusion-column-has-shadow fusion-flex-justify-content-flex-start fusion-content-layout-column\"><div class=\"fusion-text fusion-text-6\"><p><strong>Lego Serious Play<\/strong>: Lego Serious Play ist eine moderierte Workshop-Methode, bei der Lego-Steine als Werkzeug f\u00fcr kreatives Denken, Probleml\u00f6sung und Kommunikation eingesetzt werden. Die Teilnehmer bauen Modelle, um ihre Ideen, Erfahrungen und Erkenntnisse darzustellen, was ein tieferes Verst\u00e4ndnis, Zusammenarbeit und Innovation erm\u00f6glicht.<\/p>\n<\/div><\/div><\/div><\/div><\/div><div id=\"Projekte\" class=\"fusion-container-anchor\"><div class=\"fusion-fullwidth fullwidth-box fusion-builder-row-2 fusion-flex-container has-pattern-background has-mask-background nonhundred-percent-fullwidth non-hundred-percent-height-scrolling\" style=\"--awb-border-radius-top-left:0px;--awb-border-radius-top-right:0px;--awb-border-radius-bottom-right:0px;--awb-border-radius-bottom-left:0px;--awb-flex-wrap:wrap;\" ><div class=\"fusion-builder-row fusion-row fusion-flex-align-items-flex-start fusion-flex-content-wrap\" style=\"max-width:1248px;margin-left: calc(-4% \/ 2 );margin-right: calc(-4% \/ 2 );\"><div class=\"fusion-layout-column fusion_builder_column fusion-builder-column-6 fusion_builder_column_1_1 1_1 fusion-flex-column\" style=\"--awb-bg-size:cover;--awb-width-large:100%;--awb-margin-top-large:0px;--awb-spacing-right-large:1.92%;--awb-margin-bottom-large:20px;--awb-spacing-left-large:1.92%;--awb-width-medium:100%;--awb-order-medium:0;--awb-spacing-right-medium:1.92%;--awb-spacing-left-medium:1.92%;--awb-width-small:100%;--awb-order-small:0;--awb-spacing-right-small:1.92%;--awb-spacing-left-small:1.92%;\"><div class=\"fusion-column-wrapper fusion-column-has-shadow fusion-flex-justify-content-flex-start fusion-content-layout-column\"><div class=\"fusion-flip-boxes flip-boxes row fusion-columns-4 flip-effect-classic equal-heights\"><div class=\"fusion-flip-box-wrapper fusion-column col-lg-3 col-md-3 col-sm-3\"><div class=\"fusion-flip-box flip-right\" tabindex=\"0\"><div class=\"flip-box-inner-wrapper\"><div class=\"flip-box-front\" style=\"--awb-background-image-front:url(&#039;https:\/\/access2agile.com\/wp-content\/uploads\/2024\/05\/a2aConsulting_01.jpg&#039;);\"><div class=\"flip-box-front-inner\"><\/div><\/div><div class=\"flip-box-back\" style=\"--awb-background-color-back:var(--awb-custom_color_1);\"><div class=\"flip-box-back-inner\"><h3 class=\"flip-box-heading-back\" style=\"--h3_typography-font-size:30px;\">Expertise Dienstleistungen<\/h3>\n<div ><a class=\"fusion-button button-flat fusion-button-default-size button-default fusion-button-default button-1 fusion-button-default-span fusion-button-default-type\" target=\"_self\" href=\"https:\/\/access2agile.com\/de\/expertise-services\/\"><span class=\"fusion-button-text\">MEHR INFOS<\/span><\/a><\/div>\n<\/div><\/div><\/div><\/div><\/div><div class=\"fusion-flip-box-wrapper fusion-column col-lg-3 col-md-3 col-sm-3\"><div class=\"fusion-flip-box flip-right\" tabindex=\"0\"><div class=\"flip-box-inner-wrapper\"><div class=\"flip-box-front\" style=\"--awb-background-image-front:url(&#039;https:\/\/access2agile.com\/wp-content\/uploads\/2024\/05\/a2aConsulting_02.jpg&#039;);\"><div class=\"flip-box-front-inner\"><\/div><\/div><div class=\"flip-box-back\" style=\"--awb-background-color-back:var(--awb-custom_color_1);\"><div class=\"flip-box-back-inner\"><h3 class=\"flip-box-heading-back\" style=\"--h3_typography-font-size:30px;\">Frameworks<\/h3>\n<div ><a class=\"fusion-button button-flat fusion-button-default-size button-default fusion-button-default button-2 fusion-button-default-span fusion-button-default-type\" target=\"_self\" href=\"https:\/\/access2agile.com\/de\/frameworks\/\"><span class=\"fusion-button-text\">MEHR INFOS<\/span><\/a><\/div>\n<\/div><\/div><\/div><\/div><\/div><div class=\"fusion-flip-box-wrapper fusion-column col-lg-3 col-md-3 col-sm-3\"><div class=\"fusion-flip-box flip-right\" tabindex=\"0\"><div class=\"flip-box-inner-wrapper\"><div class=\"flip-box-front\" style=\"--awb-background-image-front:url(&#039;https:\/\/access2agile.com\/wp-content\/uploads\/2024\/05\/a2aConsulting_03.jpg&#039;);\"><div class=\"flip-box-front-inner\"><\/div><\/div><div class=\"flip-box-back\" style=\"--awb-background-color-back:var(--awb-custom_color_1);\"><div class=\"flip-box-back-inner\"><h3 class=\"flip-box-heading-back\" style=\"--h3_typography-font-size:30px;\">Methodik<\/h3>\n<div ><a class=\"fusion-button button-flat fusion-button-default-size button-default fusion-button-default button-3 fusion-button-default-span fusion-button-default-type\" target=\"_self\" href=\"https:\/\/access2agile.com\/de\/methodology\/\"><span class=\"fusion-button-text\">MEHR INFOS<\/span><\/a><\/div>\n<\/div><\/div><\/div><\/div><\/div><div class=\"fusion-flip-box-wrapper fusion-column col-lg-3 col-md-3 col-sm-3\"><div class=\"fusion-flip-box flip-right\" tabindex=\"0\"><div class=\"flip-box-inner-wrapper\"><div class=\"flip-box-front\" style=\"--awb-background-image-front:url(&#039;https:\/\/access2agile.com\/wp-content\/uploads\/2024\/05\/a2aConsulting_04.jpg&#039;);\"><div class=\"flip-box-front-inner\"><\/div><\/div><div class=\"flip-box-back\" style=\"--awb-background-color-back:var(--awb-custom_color_1);\"><div class=\"flip-box-back-inner\"><h3 class=\"flip-box-heading-back\" style=\"--h3_typography-font-size:30px;\">Produkte<\/h3>\n<div ><a class=\"fusion-button button-flat fusion-button-default-size button-default fusion-button-default button-4 fusion-button-default-span fusion-button-default-type\" target=\"_self\" href=\"https:\/\/access2agile.com\/de\/products\/\"><span class=\"fusion-button-text\">MEHR INFOS<\/span><\/a><\/div>\n<\/div><\/div><\/div><\/div><\/div><\/div><\/div><\/div><\/div><\/div><\/div><\/p>\n","protected":false},"excerpt":{"rendered":"","protected":false},"author":4,"featured_media":0,"parent":0,"menu_order":0,"comment_status":"closed","ping_status":"closed","template":"100-width.php","meta":{"footnotes":""},"class_list":["post-4006","page","type-page","status-publish","hentry"],"yoast_head":"<!-- This site is optimized with the Yoast SEO plugin v27.4 - https:\/\/yoast.com\/product\/yoast-seo-wordpress\/ -->\n<title>Methodik - access2agile<\/title>\n<meta name=\"robots\" content=\"index, follow, max-snippet:-1, max-image-preview:large, max-video-preview:-1\" \/>\n<link rel=\"canonical\" href=\"https:\/\/access2agile.com\/de\/methodology\/\" \/>\n<meta property=\"og:locale\" content=\"de_DE\" \/>\n<meta property=\"og:type\" content=\"article\" \/>\n<meta property=\"og:title\" content=\"Methodik - access2agile\" \/>\n<meta property=\"og:url\" content=\"https:\/\/access2agile.com\/de\/methodology\/\" \/>\n<meta property=\"og:site_name\" content=\"access2agile\" \/>\n<meta property=\"article:modified_time\" content=\"2024-09-11T08:50:53+00:00\" \/>\n<meta name=\"twitter:card\" content=\"summary_large_image\" \/>\n<meta name=\"twitter:label1\" content=\"Gesch\u00e4tzte Lesezeit\" \/>\n\t<meta name=\"twitter:data1\" content=\"2\u00a0Minuten\" \/>\n<script type=\"application\/ld+json\" class=\"yoast-schema-graph\">{\"@context\":\"https:\\\/\\\/schema.org\",\"@graph\":[{\"@type\":\"WebPage\",\"@id\":\"https:\\\/\\\/access2agile.com\\\/de\\\/methodology\\\/\",\"url\":\"https:\\\/\\\/access2agile.com\\\/de\\\/methodology\\\/\",\"name\":\"Methodik - access2agile\",\"isPartOf\":{\"@id\":\"https:\\\/\\\/access2agile.com\\\/de\\\/#website\"},\"datePublished\":\"2024-05-28T09:52:14+00:00\",\"dateModified\":\"2024-09-11T08:50:53+00:00\",\"breadcrumb\":{\"@id\":\"https:\\\/\\\/access2agile.com\\\/de\\\/methodology\\\/#breadcrumb\"},\"inLanguage\":\"de\",\"potentialAction\":[{\"@type\":\"ReadAction\",\"target\":[\"https:\\\/\\\/access2agile.com\\\/de\\\/methodology\\\/\"]}]},{\"@type\":\"BreadcrumbList\",\"@id\":\"https:\\\/\\\/access2agile.com\\\/de\\\/methodology\\\/#breadcrumb\",\"itemListElement\":[{\"@type\":\"ListItem\",\"position\":1,\"name\":\"Startseite\",\"item\":\"https:\\\/\\\/access2agile.com\\\/de\\\/\"},{\"@type\":\"ListItem\",\"position\":2,\"name\":\"Methodik\"}]},{\"@type\":\"WebSite\",\"@id\":\"https:\\\/\\\/access2agile.com\\\/de\\\/#website\",\"url\":\"https:\\\/\\\/access2agile.com\\\/de\\\/\",\"name\":\"access2agile\",\"description\":\"\",\"potentialAction\":[{\"@type\":\"SearchAction\",\"target\":{\"@type\":\"EntryPoint\",\"urlTemplate\":\"https:\\\/\\\/access2agile.com\\\/de\\\/?s={search_term_string}\"},\"query-input\":{\"@type\":\"PropertyValueSpecification\",\"valueRequired\":true,\"valueName\":\"search_term_string\"}}],\"inLanguage\":\"de\"}]}<\/script>\n<!-- \/ Yoast SEO plugin. -->","yoast_head_json":{"title":"Methodik - access2agile","robots":{"index":"index","follow":"follow","max-snippet":"max-snippet:-1","max-image-preview":"max-image-preview:large","max-video-preview":"max-video-preview:-1"},"canonical":"https:\/\/access2agile.com\/de\/methodology\/","og_locale":"de_DE","og_type":"article","og_title":"Methodik - access2agile","og_url":"https:\/\/access2agile.com\/de\/methodology\/","og_site_name":"access2agile","article_modified_time":"2024-09-11T08:50:53+00:00","twitter_card":"summary_large_image","twitter_misc":{"Gesch\u00e4tzte Lesezeit":"2\u00a0Minuten"},"schema":{"@context":"https:\/\/schema.org","@graph":[{"@type":"WebPage","@id":"https:\/\/access2agile.com\/de\/methodology\/","url":"https:\/\/access2agile.com\/de\/methodology\/","name":"Methodik - access2agile","isPartOf":{"@id":"https:\/\/access2agile.com\/de\/#website"},"datePublished":"2024-05-28T09:52:14+00:00","dateModified":"2024-09-11T08:50:53+00:00","breadcrumb":{"@id":"https:\/\/access2agile.com\/de\/methodology\/#breadcrumb"},"inLanguage":"de","potentialAction":[{"@type":"ReadAction","target":["https:\/\/access2agile.com\/de\/methodology\/"]}]},{"@type":"BreadcrumbList","@id":"https:\/\/access2agile.com\/de\/methodology\/#breadcrumb","itemListElement":[{"@type":"ListItem","position":1,"name":"Startseite","item":"https:\/\/access2agile.com\/de\/"},{"@type":"ListItem","position":2,"name":"Methodik"}]},{"@type":"WebSite","@id":"https:\/\/access2agile.com\/de\/#website","url":"https:\/\/access2agile.com\/de\/","name":"access2agile","description":"","potentialAction":[{"@type":"SearchAction","target":{"@type":"EntryPoint","urlTemplate":"https:\/\/access2agile.com\/de\/?s={search_term_string}"},"query-input":{"@type":"PropertyValueSpecification","valueRequired":true,"valueName":"search_term_string"}}],"inLanguage":"de"}]}},"_links":{"self":[{"href":"https:\/\/access2agile.com\/de\/wp-json\/wp\/v2\/pages\/4006","targetHints":{"allow":["GET"]}}],"collection":[{"href":"https:\/\/access2agile.com\/de\/wp-json\/wp\/v2\/pages"}],"about":[{"href":"https:\/\/access2agile.com\/de\/wp-json\/wp\/v2\/types\/page"}],"author":[{"embeddable":true,"href":"https:\/\/access2agile.com\/de\/wp-json\/wp\/v2\/users\/4"}],"replies":[{"embeddable":true,"href":"https:\/\/access2agile.com\/de\/wp-json\/wp\/v2\/comments?post=4006"}],"version-history":[{"count":3,"href":"https:\/\/access2agile.com\/de\/wp-json\/wp\/v2\/pages\/4006\/revisions"}],"predecessor-version":[{"id":4099,"href":"https:\/\/access2agile.com\/de\/wp-json\/wp\/v2\/pages\/4006\/revisions\/4099"}],"wp:attachment":[{"href":"https:\/\/access2agile.com\/de\/wp-json\/wp\/v2\/media?parent=4006"}],"curies":[{"name":"wp","href":"https:\/\/api.w.org\/{rel}","templated":true}]}}