{"id":4015,"date":"2024-05-28T11:44:59","date_gmt":"2024-05-28T09:44:59","guid":{"rendered":"https:\/\/access2agile.com\/frameworks\/"},"modified":"2024-09-11T10:50:28","modified_gmt":"2024-09-11T08:50:28","slug":"frameworks","status":"publish","type":"page","link":"https:\/\/access2agile.com\/de\/frameworks\/","title":{"rendered":"Frameworks"},"content":{"rendered":"<p><div class=\"fusion-fullwidth fullwidth-box fusion-builder-row-1 fusion-flex-container has-pattern-background has-mask-background nonhundred-percent-fullwidth non-hundred-percent-height-scrolling\" style=\"--awb-border-radius-top-left:0px;--awb-border-radius-top-right:0px;--awb-border-radius-bottom-right:0px;--awb-border-radius-bottom-left:0px;--awb-flex-wrap:wrap;\" ><div class=\"fusion-builder-row fusion-row fusion-flex-align-items-flex-start fusion-flex-content-wrap\" style=\"max-width:1248px;margin-left: calc(-4% \/ 2 );margin-right: calc(-4% \/ 2 );\"><div class=\"fusion-layout-column fusion_builder_column fusion-builder-column-0 fusion_builder_column_1_1 1_1 fusion-flex-column\" style=\"--awb-bg-size:cover;--awb-width-large:100%;--awb-margin-top-large:0px;--awb-spacing-right-large:1.92%;--awb-margin-bottom-large:50px;--awb-spacing-left-large:1.92%;--awb-width-medium:100%;--awb-order-medium:0;--awb-spacing-right-medium:1.92%;--awb-spacing-left-medium:1.92%;--awb-width-small:100%;--awb-order-small:0;--awb-spacing-right-small:1.92%;--awb-spacing-left-small:1.92%;\" data-scroll-devices=\"small-visibility,medium-visibility,large-visibility\"><div class=\"fusion-column-wrapper fusion-column-has-shadow fusion-flex-justify-content-flex-start fusion-content-layout-column\"><div class=\"fusion-text fusion-text-1\"><p style=\"text-align: left;\">Unser Frameworks-Portfolio bietet eine umfassende Anleitung zur Implementierung und Skalierung agiler Praktiken in Ihrer Organisation. Wir verf\u00fcgen \u00fcber Fachwissen in f\u00fchrenden agilen Frameworks, darunter Scrum, Kanban, SAFe (Scaled Agile Framework), LeSS (Large-Scale Scrum), OKR (Objectives and Key Results) und DevOps. Jedes Framework ist auf spezifische Bed\u00fcrfnisse zugeschnitten, von der Agilit\u00e4t auf Teamebene bis hin zur unternehmensweiten Transformation. Ganz gleich, ob Sie Ihr Projektmanagement mit Scrum verbessern, Ihre Arbeitsabl\u00e4ufe mit Kanban optimieren, Ihre Ziele mit OKR ausrichten oder Entwicklung und Betrieb mit DevOps integrieren m\u00f6chten &#8211; unsere Experten helfen Ihnen bei der Auswahl und Implementierung des richtigen Frameworks, um Ihre Unternehmensziele zu erreichen. Entdecken Sie unser Frameworks-Portfolio, um die Tools und Methoden zu finden, die den agilen Erfolg Ihres Unternehmens vorantreiben werden.<\/p>\n<\/div><\/div><\/div><div class=\"fusion-layout-column fusion_builder_column fusion-builder-column-1 fusion_builder_column_1_1 1_1 fusion-flex-column fusion-animated\" style=\"--awb-padding-top:20px;--awb-padding-right:20px;--awb-padding-bottom:20px;--awb-padding-left:20px;--awb-overflow:hidden;--awb-bg-size:cover;--awb-box-shadow:5px 5px 24px 1px #b2b2b2;;--awb-border-radius:15px 0px 15px 0px;--awb-width-large:100%;--awb-margin-top-large:0px;--awb-spacing-right-large:1.92%;--awb-margin-bottom-large:50px;--awb-spacing-left-large:1.92%;--awb-width-medium:100%;--awb-order-medium:0;--awb-spacing-right-medium:1.92%;--awb-spacing-left-medium:1.92%;--awb-width-small:100%;--awb-order-small:0;--awb-spacing-right-small:1.92%;--awb-spacing-left-small:1.92%;\" data-animationType=\"fadeInDown\" data-animationDuration=\"0.8\" data-animationOffset=\"top-into-view\" data-scroll-devices=\"small-visibility,medium-visibility,large-visibility\"><div class=\"fusion-column-wrapper fusion-column-has-shadow fusion-flex-justify-content-flex-start fusion-content-layout-column\"><div class=\"fusion-text fusion-text-2\"><p><strong>Skalierte Frameworks<\/strong>: Skalierte Frameworks, wie SAFe (Scaled Agile Framework) und LeSS (Large-Scale Scrum), bieten strukturierte Ans\u00e4tze zur Skalierung agiler Praktiken in gr\u00f6\u00dferen Organisationen oder komplexen Projekten. Sie bieten Anleitungen zur Koordinierung mehrerer Teams, zur Abstimmung von Zielen und zur Synchronisierung von Bem\u00fchungen, um Agilit\u00e4t in gro\u00dfem Ma\u00dfstab zu gew\u00e4hrleisten.<\/p>\n<\/div><\/div><\/div><div class=\"fusion-layout-column fusion_builder_column fusion-builder-column-2 fusion_builder_column_1_1 1_1 fusion-flex-column fusion-animated\" style=\"--awb-padding-top:20px;--awb-padding-right:20px;--awb-padding-bottom:20px;--awb-padding-left:20px;--awb-overflow:hidden;--awb-bg-size:cover;--awb-box-shadow:5px 5px 24px 1px #b2b2b2;;--awb-border-radius:15px 0px 15px 0px;--awb-width-large:100%;--awb-margin-top-large:0px;--awb-spacing-right-large:1.92%;--awb-margin-bottom-large:50px;--awb-spacing-left-large:1.92%;--awb-width-medium:100%;--awb-order-medium:0;--awb-spacing-right-medium:1.92%;--awb-spacing-left-medium:1.92%;--awb-width-small:100%;--awb-order-small:0;--awb-spacing-right-small:1.92%;--awb-spacing-left-small:1.92%;\" data-animationType=\"fadeInDown\" data-animationDuration=\"0.8\" data-animationOffset=\"top-into-view\" data-scroll-devices=\"small-visibility,medium-visibility,large-visibility\"><div class=\"fusion-column-wrapper fusion-column-has-shadow fusion-flex-justify-content-flex-start fusion-content-layout-column\"><div class=\"fusion-text fusion-text-3\"><p><strong>Scrum<\/strong>: Scrum ist ein agiles Framework zur Verwaltung und Durchf\u00fchrung komplexer Projekte. Es legt den Schwerpunkt auf iterative Entwicklung, selbstorganisierende Teams und regelm\u00e4\u00dfige Feedbackschleifen, um Transparenz, Anpassungsf\u00e4higkeit und kontinuierliche Verbesserung w\u00e4hrend des gesamten Projektlebenszyklus zu f\u00f6rdern.<\/p>\n<\/div><\/div><\/div><div class=\"fusion-layout-column fusion_builder_column fusion-builder-column-3 fusion_builder_column_1_1 1_1 fusion-flex-column\" style=\"--awb-padding-top:20px;--awb-padding-right:20px;--awb-padding-bottom:20px;--awb-padding-left:20px;--awb-overflow:hidden;--awb-bg-size:cover;--awb-box-shadow:5px 5px 24px 1px #b2b2b2;;--awb-border-radius:15px 0px 15px 0px;--awb-width-large:100%;--awb-margin-top-large:0px;--awb-spacing-right-large:1.92%;--awb-margin-bottom-large:50px;--awb-spacing-left-large:1.92%;--awb-width-medium:100%;--awb-order-medium:0;--awb-spacing-right-medium:1.92%;--awb-spacing-left-medium:1.92%;--awb-width-small:100%;--awb-order-small:0;--awb-spacing-right-small:1.92%;--awb-spacing-left-small:1.92%;\" data-scroll-devices=\"small-visibility,medium-visibility,large-visibility\"><div class=\"fusion-column-wrapper fusion-column-has-shadow fusion-flex-justify-content-flex-start fusion-content-layout-column\"><div class=\"fusion-text fusion-text-4\"><p><strong>Kanban<\/strong>: Kanban ist ein visueller Rahmen f\u00fcr die Verwaltung von Arbeit und Arbeitsabl\u00e4ufen. Es nutzt visuelle Tafeln mit Spalten und Karten, um Aufgaben und ihren Status darzustellen. So k\u00f6nnen Teams die laufende Arbeit visualisieren, Engp\u00e4sse identifizieren und den Fluss f\u00fcr mehr Effizienz und Produktivit\u00e4t optimieren.<\/p>\n<\/div><\/div><\/div><div class=\"fusion-layout-column fusion_builder_column fusion-builder-column-4 fusion_builder_column_1_1 1_1 fusion-flex-column fusion-animated\" style=\"--awb-padding-top:20px;--awb-padding-right:20px;--awb-padding-bottom:20px;--awb-padding-left:20px;--awb-overflow:hidden;--awb-bg-size:cover;--awb-box-shadow:5px 5px 24px 1px #b2b2b2;;--awb-border-radius:15px 0px 15px 0px;--awb-width-large:100%;--awb-margin-top-large:0px;--awb-spacing-right-large:1.92%;--awb-margin-bottom-large:50px;--awb-spacing-left-large:1.92%;--awb-width-medium:100%;--awb-order-medium:0;--awb-spacing-right-medium:1.92%;--awb-spacing-left-medium:1.92%;--awb-width-small:100%;--awb-order-small:0;--awb-spacing-right-small:1.92%;--awb-spacing-left-small:1.92%;\" data-animationType=\"fadeInDown\" data-animationDuration=\"0.8\" data-animationOffset=\"top-into-view\" data-scroll-devices=\"small-visibility,medium-visibility,large-visibility\"><div class=\"fusion-column-wrapper fusion-column-has-shadow fusion-flex-justify-content-flex-start fusion-content-layout-column\"><div class=\"fusion-text fusion-text-5\"><p><strong>OKR (Objectives and Key Results)<\/strong>: OKR ist ein Zielsetzungsrahmen, der zur Definition und Verfolgung von Zielen und den entsprechenden Schl\u00fcsselergebnissen verwendet wird. Es richtet Teams und Einzelpersonen auf gemeinsame Ziele aus, f\u00f6rdert die Transparenz und Verantwortlichkeit und unterst\u00fctzt die Konzentration auf Ergebnisse und messbare Resultate.<\/p>\n<\/div><\/div><\/div><div class=\"fusion-layout-column fusion_builder_column fusion-builder-column-5 fusion_builder_column_1_1 1_1 fusion-flex-column fusion-animated\" style=\"--awb-padding-top:20px;--awb-padding-right:20px;--awb-padding-bottom:20px;--awb-padding-left:20px;--awb-overflow:hidden;--awb-bg-size:cover;--awb-box-shadow:5px 5px 24px 1px #b2b2b2;;--awb-border-radius:15px 0px 15px 0px;--awb-width-large:100%;--awb-margin-top-large:0px;--awb-spacing-right-large:1.92%;--awb-margin-bottom-large:50px;--awb-spacing-left-large:1.92%;--awb-width-medium:100%;--awb-order-medium:0;--awb-spacing-right-medium:1.92%;--awb-spacing-left-medium:1.92%;--awb-width-small:100%;--awb-order-small:0;--awb-spacing-right-small:1.92%;--awb-spacing-left-small:1.92%;\" data-animationType=\"fadeInDown\" data-animationDuration=\"0.8\" data-animationOffset=\"top-into-view\" data-scroll-devices=\"small-visibility,medium-visibility,large-visibility\"><div class=\"fusion-column-wrapper fusion-column-has-shadow fusion-flex-justify-content-flex-start fusion-content-layout-column\"><div class=\"fusion-text fusion-text-6\"><p><strong>DevOps<\/strong>: DevOps ist ein kultureller und technischer Rahmen, der die Zusammenarbeit zwischen Entwicklungs- und Betriebsteams f\u00f6rdert, um die Softwarebereitstellung zu rationalisieren und die Flexibilit\u00e4t des Unternehmens zu verbessern. Der Schwerpunkt liegt dabei auf Automatisierung, kontinuierlicher Integration und Bereitstellung sowie einer gemeinsamen Verantwortung f\u00fcr den gesamten Lebenszyklus der Softwarebereitstellung.<\/p>\n<\/div><\/div><\/div><\/div><\/div><div id=\"Projekte\" class=\"fusion-container-anchor\"><div class=\"fusion-fullwidth fullwidth-box fusion-builder-row-2 fusion-flex-container has-pattern-background has-mask-background nonhundred-percent-fullwidth non-hundred-percent-height-scrolling\" style=\"--awb-border-radius-top-left:0px;--awb-border-radius-top-right:0px;--awb-border-radius-bottom-right:0px;--awb-border-radius-bottom-left:0px;--awb-flex-wrap:wrap;\" ><div class=\"fusion-builder-row fusion-row fusion-flex-align-items-flex-start fusion-flex-content-wrap\" style=\"max-width:1248px;margin-left: calc(-4% \/ 2 );margin-right: calc(-4% \/ 2 );\"><div class=\"fusion-layout-column fusion_builder_column fusion-builder-column-6 fusion_builder_column_1_1 1_1 fusion-flex-column\" style=\"--awb-bg-size:cover;--awb-width-large:100%;--awb-margin-top-large:0px;--awb-spacing-right-large:1.92%;--awb-margin-bottom-large:20px;--awb-spacing-left-large:1.92%;--awb-width-medium:100%;--awb-order-medium:0;--awb-spacing-right-medium:1.92%;--awb-spacing-left-medium:1.92%;--awb-width-small:100%;--awb-order-small:0;--awb-spacing-right-small:1.92%;--awb-spacing-left-small:1.92%;\"><div class=\"fusion-column-wrapper fusion-column-has-shadow fusion-flex-justify-content-flex-start fusion-content-layout-column\"><div class=\"fusion-flip-boxes flip-boxes row fusion-columns-4 flip-effect-classic equal-heights\"><div class=\"fusion-flip-box-wrapper fusion-column col-lg-3 col-md-3 col-sm-3\"><div class=\"fusion-flip-box flip-right\" tabindex=\"0\"><div class=\"flip-box-inner-wrapper\"><div class=\"flip-box-front\" style=\"--awb-background-image-front:url(&#039;https:\/\/access2agile.com\/wp-content\/uploads\/2024\/05\/a2aConsulting_01.jpg&#039;);\"><div class=\"flip-box-front-inner\"><\/div><\/div><div class=\"flip-box-back\" style=\"--awb-background-color-back:var(--awb-custom_color_1);\"><div class=\"flip-box-back-inner\"><h3 class=\"flip-box-heading-back\" style=\"--h3_typography-font-size:30px;\">Expertise Dienstleistungen<\/h3>\n<div ><a class=\"fusion-button button-flat fusion-button-default-size button-default fusion-button-default button-1 fusion-button-default-span fusion-button-default-type\" target=\"_self\" href=\"https:\/\/access2agile.com\/de\/expertise-services\/\"><span class=\"fusion-button-text\">MEHR INFOS<\/span><\/a><\/div>\n<\/div><\/div><\/div><\/div><\/div><div class=\"fusion-flip-box-wrapper fusion-column col-lg-3 col-md-3 col-sm-3\"><div class=\"fusion-flip-box flip-right\" tabindex=\"0\"><div class=\"flip-box-inner-wrapper\"><div class=\"flip-box-front\" style=\"--awb-background-image-front:url(&#039;https:\/\/access2agile.com\/wp-content\/uploads\/2024\/05\/a2aConsulting_02.jpg&#039;);\"><div class=\"flip-box-front-inner\"><\/div><\/div><div class=\"flip-box-back\" style=\"--awb-background-color-back:var(--awb-custom_color_1);\"><div class=\"flip-box-back-inner\"><h3 class=\"flip-box-heading-back\" style=\"--h3_typography-font-size:30px;\">Frameworks<\/h3>\n<div ><a class=\"fusion-button button-flat fusion-button-default-size button-default fusion-button-default button-2 fusion-button-default-span fusion-button-default-type\" target=\"_self\" href=\"https:\/\/access2agile.com\/de\/frameworks\/\"><span class=\"fusion-button-text\">MEHR INFOS<\/span><\/a><\/div>\n<\/div><\/div><\/div><\/div><\/div><div class=\"fusion-flip-box-wrapper fusion-column col-lg-3 col-md-3 col-sm-3\"><div class=\"fusion-flip-box flip-right\" tabindex=\"0\"><div class=\"flip-box-inner-wrapper\"><div class=\"flip-box-front\" style=\"--awb-background-image-front:url(&#039;https:\/\/access2agile.com\/wp-content\/uploads\/2024\/05\/a2aConsulting_03.jpg&#039;);\"><div class=\"flip-box-front-inner\"><\/div><\/div><div class=\"flip-box-back\" style=\"--awb-background-color-back:var(--awb-custom_color_1);\"><div class=\"flip-box-back-inner\"><h3 class=\"flip-box-heading-back\" style=\"--h3_typography-font-size:30px;\">Methodik<\/h3>\n<div ><a class=\"fusion-button button-flat fusion-button-default-size button-default fusion-button-default button-3 fusion-button-default-span fusion-button-default-type\" target=\"_self\" href=\"https:\/\/access2agile.com\/de\/methodology\/\"><span class=\"fusion-button-text\">MEHR INFOS<\/span><\/a><\/div>\n<\/div><\/div><\/div><\/div><\/div><div class=\"fusion-flip-box-wrapper fusion-column col-lg-3 col-md-3 col-sm-3\"><div class=\"fusion-flip-box flip-right\" tabindex=\"0\"><div class=\"flip-box-inner-wrapper\"><div class=\"flip-box-front\" style=\"--awb-background-image-front:url(&#039;https:\/\/access2agile.com\/wp-content\/uploads\/2024\/05\/a2aConsulting_04.jpg&#039;);\"><div class=\"flip-box-front-inner\"><\/div><\/div><div class=\"flip-box-back\" style=\"--awb-background-color-back:var(--awb-custom_color_1);\"><div class=\"flip-box-back-inner\"><h3 class=\"flip-box-heading-back\" style=\"--h3_typography-font-size:30px;\">Produkte<\/h3>\n<div ><a class=\"fusion-button button-flat fusion-button-default-size button-default fusion-button-default button-4 fusion-button-default-span fusion-button-default-type\" target=\"_self\" href=\"https:\/\/access2agile.com\/de\/products\/\"><span class=\"fusion-button-text\">MEHR INFOS<\/span><\/a><\/div>\n<\/div><\/div><\/div><\/div><\/div><\/div><\/div><\/div><\/div><\/div><\/div><\/p>\n","protected":false},"excerpt":{"rendered":"","protected":false},"author":4,"featured_media":0,"parent":0,"menu_order":0,"comment_status":"closed","ping_status":"closed","template":"100-width.php","meta":{"footnotes":""},"class_list":["post-4015","page","type-page","status-publish","hentry"],"yoast_head":"<!-- This site is optimized with the Yoast SEO plugin v27.4 - https:\/\/yoast.com\/product\/yoast-seo-wordpress\/ -->\n<title>Frameworks - access2agile<\/title>\n<meta name=\"robots\" content=\"index, follow, max-snippet:-1, max-image-preview:large, max-video-preview:-1\" \/>\n<link rel=\"canonical\" href=\"https:\/\/access2agile.com\/de\/frameworks\/\" \/>\n<meta property=\"og:locale\" content=\"de_DE\" \/>\n<meta property=\"og:type\" content=\"article\" \/>\n<meta property=\"og:title\" content=\"Frameworks - access2agile\" \/>\n<meta property=\"og:url\" content=\"https:\/\/access2agile.com\/de\/frameworks\/\" \/>\n<meta property=\"og:site_name\" content=\"access2agile\" \/>\n<meta property=\"article:modified_time\" content=\"2024-09-11T08:50:28+00:00\" \/>\n<meta name=\"twitter:card\" content=\"summary_large_image\" \/>\n<meta name=\"twitter:label1\" content=\"Gesch\u00e4tzte Lesezeit\" \/>\n\t<meta name=\"twitter:data1\" content=\"2\u00a0Minuten\" \/>\n<script type=\"application\/ld+json\" class=\"yoast-schema-graph\">{\"@context\":\"https:\\\/\\\/schema.org\",\"@graph\":[{\"@type\":\"WebPage\",\"@id\":\"https:\\\/\\\/access2agile.com\\\/de\\\/frameworks\\\/\",\"url\":\"https:\\\/\\\/access2agile.com\\\/de\\\/frameworks\\\/\",\"name\":\"Frameworks - access2agile\",\"isPartOf\":{\"@id\":\"https:\\\/\\\/access2agile.com\\\/de\\\/#website\"},\"datePublished\":\"2024-05-28T09:44:59+00:00\",\"dateModified\":\"2024-09-11T08:50:28+00:00\",\"breadcrumb\":{\"@id\":\"https:\\\/\\\/access2agile.com\\\/de\\\/frameworks\\\/#breadcrumb\"},\"inLanguage\":\"de\",\"potentialAction\":[{\"@type\":\"ReadAction\",\"target\":[\"https:\\\/\\\/access2agile.com\\\/de\\\/frameworks\\\/\"]}]},{\"@type\":\"BreadcrumbList\",\"@id\":\"https:\\\/\\\/access2agile.com\\\/de\\\/frameworks\\\/#breadcrumb\",\"itemListElement\":[{\"@type\":\"ListItem\",\"position\":1,\"name\":\"Startseite\",\"item\":\"https:\\\/\\\/access2agile.com\\\/de\\\/\"},{\"@type\":\"ListItem\",\"position\":2,\"name\":\"Frameworks\"}]},{\"@type\":\"WebSite\",\"@id\":\"https:\\\/\\\/access2agile.com\\\/de\\\/#website\",\"url\":\"https:\\\/\\\/access2agile.com\\\/de\\\/\",\"name\":\"access2agile\",\"description\":\"\",\"potentialAction\":[{\"@type\":\"SearchAction\",\"target\":{\"@type\":\"EntryPoint\",\"urlTemplate\":\"https:\\\/\\\/access2agile.com\\\/de\\\/?s={search_term_string}\"},\"query-input\":{\"@type\":\"PropertyValueSpecification\",\"valueRequired\":true,\"valueName\":\"search_term_string\"}}],\"inLanguage\":\"de\"}]}<\/script>\n<!-- \/ Yoast SEO plugin. -->","yoast_head_json":{"title":"Frameworks - access2agile","robots":{"index":"index","follow":"follow","max-snippet":"max-snippet:-1","max-image-preview":"max-image-preview:large","max-video-preview":"max-video-preview:-1"},"canonical":"https:\/\/access2agile.com\/de\/frameworks\/","og_locale":"de_DE","og_type":"article","og_title":"Frameworks - access2agile","og_url":"https:\/\/access2agile.com\/de\/frameworks\/","og_site_name":"access2agile","article_modified_time":"2024-09-11T08:50:28+00:00","twitter_card":"summary_large_image","twitter_misc":{"Gesch\u00e4tzte Lesezeit":"2\u00a0Minuten"},"schema":{"@context":"https:\/\/schema.org","@graph":[{"@type":"WebPage","@id":"https:\/\/access2agile.com\/de\/frameworks\/","url":"https:\/\/access2agile.com\/de\/frameworks\/","name":"Frameworks - access2agile","isPartOf":{"@id":"https:\/\/access2agile.com\/de\/#website"},"datePublished":"2024-05-28T09:44:59+00:00","dateModified":"2024-09-11T08:50:28+00:00","breadcrumb":{"@id":"https:\/\/access2agile.com\/de\/frameworks\/#breadcrumb"},"inLanguage":"de","potentialAction":[{"@type":"ReadAction","target":["https:\/\/access2agile.com\/de\/frameworks\/"]}]},{"@type":"BreadcrumbList","@id":"https:\/\/access2agile.com\/de\/frameworks\/#breadcrumb","itemListElement":[{"@type":"ListItem","position":1,"name":"Startseite","item":"https:\/\/access2agile.com\/de\/"},{"@type":"ListItem","position":2,"name":"Frameworks"}]},{"@type":"WebSite","@id":"https:\/\/access2agile.com\/de\/#website","url":"https:\/\/access2agile.com\/de\/","name":"access2agile","description":"","potentialAction":[{"@type":"SearchAction","target":{"@type":"EntryPoint","urlTemplate":"https:\/\/access2agile.com\/de\/?s={search_term_string}"},"query-input":{"@type":"PropertyValueSpecification","valueRequired":true,"valueName":"search_term_string"}}],"inLanguage":"de"}]}},"_links":{"self":[{"href":"https:\/\/access2agile.com\/de\/wp-json\/wp\/v2\/pages\/4015","targetHints":{"allow":["GET"]}}],"collection":[{"href":"https:\/\/access2agile.com\/de\/wp-json\/wp\/v2\/pages"}],"about":[{"href":"https:\/\/access2agile.com\/de\/wp-json\/wp\/v2\/types\/page"}],"author":[{"embeddable":true,"href":"https:\/\/access2agile.com\/de\/wp-json\/wp\/v2\/users\/4"}],"replies":[{"embeddable":true,"href":"https:\/\/access2agile.com\/de\/wp-json\/wp\/v2\/comments?post=4015"}],"version-history":[{"count":3,"href":"https:\/\/access2agile.com\/de\/wp-json\/wp\/v2\/pages\/4015\/revisions"}],"predecessor-version":[{"id":4098,"href":"https:\/\/access2agile.com\/de\/wp-json\/wp\/v2\/pages\/4015\/revisions\/4098"}],"wp:attachment":[{"href":"https:\/\/access2agile.com\/de\/wp-json\/wp\/v2\/media?parent=4015"}],"curies":[{"name":"wp","href":"https:\/\/api.w.org\/{rel}","templated":true}]}}