{"id":4021,"date":"2024-05-27T12:11:23","date_gmt":"2024-05-27T10:11:23","guid":{"rendered":"https:\/\/access2agile.com\/expertise-services\/"},"modified":"2024-09-11T10:49:58","modified_gmt":"2024-09-11T08:49:58","slug":"expertise-services","status":"publish","type":"page","link":"https:\/\/access2agile.com\/de\/expertise-services\/","title":{"rendered":"Expertise &#038; Dienstleistungen"},"content":{"rendered":"<p><div class=\"fusion-fullwidth fullwidth-box fusion-builder-row-1 fusion-flex-container has-pattern-background has-mask-background nonhundred-percent-fullwidth non-hundred-percent-height-scrolling\" style=\"--awb-border-radius-top-left:0px;--awb-border-radius-top-right:0px;--awb-border-radius-bottom-right:0px;--awb-border-radius-bottom-left:0px;--awb-flex-wrap:wrap;\" ><div class=\"fusion-builder-row fusion-row fusion-flex-align-items-flex-start fusion-flex-content-wrap\" style=\"max-width:1248px;margin-left: calc(-4% \/ 2 );margin-right: calc(-4% \/ 2 );\"><div class=\"fusion-layout-column fusion_builder_column fusion-builder-column-0 fusion_builder_column_1_1 1_1 fusion-flex-column\" style=\"--awb-bg-size:cover;--awb-width-large:100%;--awb-margin-top-large:0px;--awb-spacing-right-large:1.92%;--awb-margin-bottom-large:50px;--awb-spacing-left-large:1.92%;--awb-width-medium:100%;--awb-order-medium:0;--awb-spacing-right-medium:1.92%;--awb-spacing-left-medium:1.92%;--awb-width-small:100%;--awb-order-small:0;--awb-spacing-right-small:1.92%;--awb-spacing-left-small:1.92%;\" data-scroll-devices=\"small-visibility,medium-visibility,large-visibility\"><div class=\"fusion-column-wrapper fusion-column-has-shadow fusion-flex-justify-content-flex-start fusion-content-layout-column\"><div class=\"fusion-text fusion-text-1\"><p style=\"text-align: left;\">access2agile hat sich darauf spezialisiert, Organisationen zu bef\u00e4higen, sich in der agilen Landschaft zu behaupten. Unser Team aus erfahrenen Experten verf\u00fcgt \u00fcber umfangreiche Erfahrungen mit agilen Methoden und digitaler Transformation und bietet eine breite Palette von Dienstleistungen, die auf Ihre individuellen Bed\u00fcrfnisse zugeschnitten sind. Von Scrum Masters und Agile Coaches bis hin zu Beratern f\u00fcr die digitale Transformation bieten wir das erforderliche Fachwissen, um Ihre agilen Initiativen voranzutreiben. Zu unseren Dienstleistungen geh\u00f6ren agile Schulungen und Workshops, Coaching f\u00fcr F\u00fchrung und Kommunikation, Digitalisierung und KI-Integration, agiles Projektmanagement und vieles mehr. Mit unserem Engagement f\u00fcr Exzellenz und kontinuierliche Verbesserung arbeitet access2agile mit Ihnen zusammen, um das volle Potenzial von Agilit\u00e4t zu erschlie\u00dfen und nachhaltigen Erfolg zu erzielen.<\/p>\n<\/div><\/div><\/div><div class=\"fusion-layout-column fusion_builder_column fusion-builder-column-1 fusion_builder_column_1_1 1_1 fusion-flex-column fusion-animated\" style=\"--awb-padding-top:20px;--awb-padding-right:20px;--awb-padding-bottom:20px;--awb-padding-left:20px;--awb-overflow:hidden;--awb-bg-size:cover;--awb-box-shadow:5px 5px 24px 1px #b2b2b2;;--awb-border-radius:15px 0px 15px 0px;--awb-width-large:100%;--awb-margin-top-large:0px;--awb-spacing-right-large:1.92%;--awb-margin-bottom-large:50px;--awb-spacing-left-large:1.92%;--awb-width-medium:100%;--awb-order-medium:0;--awb-spacing-right-medium:1.92%;--awb-spacing-left-medium:1.92%;--awb-width-small:100%;--awb-order-small:0;--awb-spacing-right-small:1.92%;--awb-spacing-left-small:1.92%;\" data-animationType=\"fadeInDown\" data-animationDuration=\"0.8\" data-animationOffset=\"top-into-view\" data-scroll-devices=\"small-visibility,medium-visibility,large-visibility\"><div class=\"fusion-column-wrapper fusion-column-has-shadow fusion-flex-justify-content-flex-start fusion-content-layout-column\"><div class=\"fusion-text fusion-text-2\"><p><strong>Agile Transformation<\/strong>: Unser Service Agile Transformation soll Unternehmen durch den Prozess der Einf\u00fchrung agiler Methoden f\u00fchren. Von der Bewertung und Planung bis hin zur Implementierung und Optimierung arbeiten wir mit Unternehmen zusammen, um ihre Kultur, Prozesse und Denkweise umzugestalten, damit sie schnell auf Marktver\u00e4nderungen reagieren und Innovationen vorantreiben k\u00f6nnen.<\/p>\n<\/div><\/div><\/div><div class=\"fusion-layout-column fusion_builder_column fusion-builder-column-2 fusion_builder_column_1_1 1_1 fusion-flex-column fusion-animated\" style=\"--awb-padding-top:20px;--awb-padding-right:20px;--awb-padding-bottom:20px;--awb-padding-left:20px;--awb-overflow:hidden;--awb-bg-size:cover;--awb-box-shadow:5px 5px 24px 1px #b2b2b2;;--awb-border-radius:15px 0px 15px 0px;--awb-width-large:100%;--awb-margin-top-large:0px;--awb-spacing-right-large:1.92%;--awb-margin-bottom-large:50px;--awb-spacing-left-large:1.92%;--awb-width-medium:100%;--awb-order-medium:0;--awb-spacing-right-medium:1.92%;--awb-spacing-left-medium:1.92%;--awb-width-small:100%;--awb-order-small:0;--awb-spacing-right-small:1.92%;--awb-spacing-left-small:1.92%;\" data-animationType=\"fadeInDown\" data-animationDuration=\"0.8\" data-animationOffset=\"top-into-view\" data-scroll-devices=\"small-visibility,medium-visibility,large-visibility\"><div class=\"fusion-column-wrapper fusion-column-has-shadow fusion-flex-justify-content-flex-start fusion-content-layout-column\"><div class=\"fusion-text fusion-text-3\"><p><strong>Agile Interims-Rollen<\/strong>: Unser Service Agile Interims Roles bietet qualifizierte Fachkr\u00e4fte f\u00fcr die Besetzung von tempor\u00e4ren Positionen in Ihrem Unternehmen in \u00dcbergangs- oder Transformationsphasen. Ganz gleich, ob Sie einen Scrum Master, einen Agile Coach oder einen Product Owner auf Zeit ben\u00f6tigen, unsere Experten f\u00fcgen sich nahtlos in Ihre Teams ein, f\u00f6rdern die Agilit\u00e4t und gew\u00e4hrleisten die Kontinuit\u00e4t der Abl\u00e4ufe, w\u00e4hrend permanente Positionen besetzt oder Teams neu qualifiziert werden.<\/p>\n<\/div><\/div><\/div><div class=\"fusion-layout-column fusion_builder_column fusion-builder-column-3 fusion_builder_column_1_1 1_1 fusion-flex-column\" style=\"--awb-padding-top:20px;--awb-padding-right:20px;--awb-padding-bottom:20px;--awb-padding-left:20px;--awb-overflow:hidden;--awb-bg-size:cover;--awb-box-shadow:5px 5px 24px 1px #b2b2b2;;--awb-border-radius:15px 0px 15px 0px;--awb-width-large:100%;--awb-margin-top-large:0px;--awb-spacing-right-large:1.92%;--awb-margin-bottom-large:50px;--awb-spacing-left-large:1.92%;--awb-width-medium:100%;--awb-order-medium:0;--awb-spacing-right-medium:1.92%;--awb-spacing-left-medium:1.92%;--awb-width-small:100%;--awb-order-small:0;--awb-spacing-right-small:1.92%;--awb-spacing-left-small:1.92%;\" data-scroll-devices=\"small-visibility,medium-visibility,large-visibility\"><div class=\"fusion-column-wrapper fusion-column-has-shadow fusion-flex-justify-content-flex-start fusion-content-layout-column\"><div class=\"fusion-text fusion-text-4\"><p><strong>Agile Skalierung<\/strong>: Unser Agile Scaling Service geht auf die besonderen Herausforderungen ein, die mit der Ausweitung agiler Praktiken in gro\u00dfen Organisationen oder komplexen Projekten verbunden sind. Wir setzen bew\u00e4hrte Frameworks wie SAFe (Scaled Agile Framework) oder LeSS (Large-Scale Scrum) ein, um mehrere Teams effektiv zu koordinieren, Ziele abzustimmen und Anstrengungen zu synchronisieren und so Skalierbarkeit ohne Einbu\u00dfen bei der Agilit\u00e4t zu gew\u00e4hrleisten. Durch ma\u00dfgeschneiderte Strategien und praktische Unterst\u00fctzung bef\u00e4higen wir Unternehmen, mehr Flexibilit\u00e4t, Geschwindigkeit und Innovation in gro\u00dfem Ma\u00dfstab zu erreichen.<\/p>\n<\/div><\/div><\/div><div class=\"fusion-layout-column fusion_builder_column fusion-builder-column-4 fusion_builder_column_1_1 1_1 fusion-flex-column fusion-animated\" style=\"--awb-padding-top:20px;--awb-padding-right:20px;--awb-padding-bottom:20px;--awb-padding-left:20px;--awb-overflow:hidden;--awb-bg-size:cover;--awb-box-shadow:5px 5px 24px 1px #b2b2b2;;--awb-border-radius:15px 0px 15px 0px;--awb-width-large:100%;--awb-margin-top-large:0px;--awb-spacing-right-large:1.92%;--awb-margin-bottom-large:50px;--awb-spacing-left-large:1.92%;--awb-width-medium:100%;--awb-order-medium:0;--awb-spacing-right-medium:1.92%;--awb-spacing-left-medium:1.92%;--awb-width-small:100%;--awb-order-small:0;--awb-spacing-right-small:1.92%;--awb-spacing-left-small:1.92%;\" data-animationType=\"fadeInDown\" data-animationDuration=\"0.8\" data-animationOffset=\"top-into-view\" data-scroll-devices=\"small-visibility,medium-visibility,large-visibility\"><div class=\"fusion-column-wrapper fusion-column-has-shadow fusion-flex-justify-content-flex-start fusion-content-layout-column\"><div class=\"fusion-text fusion-text-5\"><p><strong>Agiles Projektmanagement<\/strong>: Unser agiles Projektmanagement legt den Schwerpunkt auf Anpassungsf\u00e4higkeit, Zusammenarbeit und iterative Umsetzung, um den Projekterfolg in dynamischen Umgebungen sicherzustellen. Durch den Einsatz von Frameworks wie Scrum oder Kanban erm\u00f6glichen wir es Teams, Aufgaben zu priorisieren, auf ver\u00e4nderte Anforderungen zu reagieren und schrittweise Werte zu liefern. Durch transparente Kommunikation, h\u00e4ufige Feedback-Schleifen und kontinuierliche Verbesserung erleichtern wir die effiziente Projektdurchf\u00fchrung und erm\u00f6glichen es Unternehmen, ihre Ziele schnell und flexibel zu erreichen.<\/p>\n<\/div><\/div><\/div><div class=\"fusion-layout-column fusion_builder_column fusion-builder-column-5 fusion_builder_column_1_1 1_1 fusion-flex-column fusion-animated\" style=\"--awb-padding-top:20px;--awb-padding-right:20px;--awb-padding-bottom:20px;--awb-padding-left:20px;--awb-overflow:hidden;--awb-bg-size:cover;--awb-box-shadow:5px 5px 24px 1px #b2b2b2;;--awb-border-radius:15px 0px 15px 0px;--awb-width-large:100%;--awb-margin-top-large:0px;--awb-spacing-right-large:1.92%;--awb-margin-bottom-large:50px;--awb-spacing-left-large:1.92%;--awb-width-medium:100%;--awb-order-medium:0;--awb-spacing-right-medium:1.92%;--awb-spacing-left-medium:1.92%;--awb-width-small:100%;--awb-order-small:0;--awb-spacing-right-small:1.92%;--awb-spacing-left-small:1.92%;\" data-animationType=\"fadeInDown\" data-animationDuration=\"0.8\" data-animationOffset=\"top-into-view\" data-scroll-devices=\"small-visibility,medium-visibility,large-visibility\"><div class=\"fusion-column-wrapper fusion-column-has-shadow fusion-flex-justify-content-flex-start fusion-content-layout-column\"><div class=\"fusion-text fusion-text-6\"><p><strong>Leadership &amp; Kommunikation<\/strong>: Unser Service f\u00fcr Leadership und Kommunikation konzentriert sich darauf, F\u00fchrungskr\u00e4fte und Teams mit den F\u00e4higkeiten und Strategien auszustatten, die sie ben\u00f6tigen, um die Zusammenarbeit zu f\u00f6rdern, Innovationen zu inspirieren und Ergebnisse in agilen Umgebungen zu erzielen. Durch Workshops, Coaching und ma\u00dfgeschneiderte Entwicklungsprogramme kultivieren wir effektive Kommunikation, emotionale Intelligenz und adaptive F\u00fchrungsf\u00e4higkeiten. Indem wir eine Kultur des Vertrauens, der Transparenz und der Verantwortlichkeit f\u00f6rdern, helfen wir Organisationen, Ver\u00e4nderungen zu bew\u00e4ltigen, Konflikte zu l\u00f6sen und nachhaltiges Wachstum zu erzielen.<\/p>\n<\/div><\/div><\/div><div class=\"fusion-layout-column fusion_builder_column fusion-builder-column-6 fusion_builder_column_1_1 1_1 fusion-flex-column fusion-animated\" style=\"--awb-padding-top:20px;--awb-padding-right:20px;--awb-padding-bottom:20px;--awb-padding-left:20px;--awb-overflow:hidden;--awb-bg-size:cover;--awb-box-shadow:5px 5px 24px 1px #b2b2b2;;--awb-border-radius:15px 0px 15px 0px;--awb-width-large:100%;--awb-margin-top-large:0px;--awb-spacing-right-large:1.92%;--awb-margin-bottom-large:20px;--awb-spacing-left-large:1.92%;--awb-width-medium:100%;--awb-order-medium:0;--awb-spacing-right-medium:1.92%;--awb-spacing-left-medium:1.92%;--awb-width-small:100%;--awb-order-small:0;--awb-spacing-right-small:1.92%;--awb-spacing-left-small:1.92%;\" data-animationType=\"fadeInDown\" data-animationDuration=\"0.8\" data-animationOffset=\"top-into-view\" data-scroll-devices=\"small-visibility,medium-visibility,large-visibility\"><div class=\"fusion-column-wrapper fusion-column-has-shadow fusion-flex-justify-content-flex-start fusion-content-layout-column\"><div class=\"fusion-text fusion-text-7\"><p><strong>Digitalisierung &amp; AI<\/strong>: Unser Service Digitalisierung &amp; KI erm\u00f6glicht es Unternehmen, das transformative Potenzial von k\u00fcnstlicher Intelligenz und digitalen Technologien zu nutzen. Von der Strategieentwicklung bis zur Implementierung bieten wir umfassende L\u00f6sungen, die Prozesse optimieren, das Kundenerlebnis verbessern und Innovationen vorantreiben. Durch die Nutzung von KI-gesteuerten Erkenntnissen, Automatisierung und datengesteuerten Entscheidungen erm\u00f6glichen wir es Unternehmen, in der sich schnell entwickelnden digitalen Landschaft von heute die Nase vorn zu haben und neue M\u00f6glichkeiten f\u00fcr Wachstum und Wettbewerbsvorteile zu erschlie\u00dfen.<\/p>\n<\/div><\/div><\/div><\/div><\/div><div id=\"Projekte\" class=\"fusion-container-anchor\"><div class=\"fusion-fullwidth fullwidth-box fusion-builder-row-2 fusion-flex-container has-pattern-background has-mask-background nonhundred-percent-fullwidth non-hundred-percent-height-scrolling\" style=\"--awb-border-radius-top-left:0px;--awb-border-radius-top-right:0px;--awb-border-radius-bottom-right:0px;--awb-border-radius-bottom-left:0px;--awb-flex-wrap:wrap;\" ><div class=\"fusion-builder-row fusion-row fusion-flex-align-items-flex-start fusion-flex-content-wrap\" style=\"max-width:1248px;margin-left: calc(-4% \/ 2 );margin-right: calc(-4% \/ 2 );\"><div class=\"fusion-layout-column fusion_builder_column fusion-builder-column-7 fusion_builder_column_1_1 1_1 fusion-flex-column\" style=\"--awb-bg-size:cover;--awb-width-large:100%;--awb-margin-top-large:0px;--awb-spacing-right-large:1.92%;--awb-margin-bottom-large:20px;--awb-spacing-left-large:1.92%;--awb-width-medium:100%;--awb-order-medium:0;--awb-spacing-right-medium:1.92%;--awb-spacing-left-medium:1.92%;--awb-width-small:100%;--awb-order-small:0;--awb-spacing-right-small:1.92%;--awb-spacing-left-small:1.92%;\"><div class=\"fusion-column-wrapper fusion-column-has-shadow fusion-flex-justify-content-flex-start fusion-content-layout-column\"><div class=\"fusion-flip-boxes flip-boxes row fusion-columns-4 flip-effect-classic equal-heights\"><div class=\"fusion-flip-box-wrapper fusion-column col-lg-3 col-md-3 col-sm-3\"><div class=\"fusion-flip-box flip-right\" tabindex=\"0\"><div class=\"flip-box-inner-wrapper\"><div class=\"flip-box-front\" style=\"--awb-background-image-front:url(&#039;https:\/\/access2agile.com\/wp-content\/uploads\/2024\/05\/a2aConsulting_01.jpg&#039;);\"><div class=\"flip-box-front-inner\"><\/div><\/div><div class=\"flip-box-back\" style=\"--awb-background-color-back:var(--awb-custom_color_1);\"><div class=\"flip-box-back-inner\"><h3 class=\"flip-box-heading-back\" style=\"--h3_typography-font-size:30px;\">Expertise Dienstleistungen<\/h3>\n<div ><a class=\"fusion-button button-flat fusion-button-default-size button-default fusion-button-default button-1 fusion-button-default-span fusion-button-default-type\" target=\"_self\" href=\"https:\/\/access2agile.com\/de\/expertise-services\/\"><span class=\"fusion-button-text\">MEHR INFOS<\/span><\/a><\/div>\n<\/div><\/div><\/div><\/div><\/div><div class=\"fusion-flip-box-wrapper fusion-column col-lg-3 col-md-3 col-sm-3\"><div class=\"fusion-flip-box flip-right\" tabindex=\"0\"><div class=\"flip-box-inner-wrapper\"><div class=\"flip-box-front\" style=\"--awb-background-image-front:url(&#039;https:\/\/access2agile.com\/wp-content\/uploads\/2024\/05\/a2aConsulting_02.jpg&#039;);\"><div class=\"flip-box-front-inner\"><\/div><\/div><div class=\"flip-box-back\" style=\"--awb-background-color-back:var(--awb-custom_color_1);\"><div class=\"flip-box-back-inner\"><h3 class=\"flip-box-heading-back\" style=\"--h3_typography-font-size:30px;\">Frameworks<\/h3>\n<div ><a class=\"fusion-button button-flat fusion-button-default-size button-default fusion-button-default button-2 fusion-button-default-span fusion-button-default-type\" target=\"_self\" href=\"https:\/\/access2agile.com\/de\/frameworks\/\"><span class=\"fusion-button-text\">MEHR INFOS<\/span><\/a><\/div>\n<\/div><\/div><\/div><\/div><\/div><div class=\"fusion-flip-box-wrapper fusion-column col-lg-3 col-md-3 col-sm-3\"><div class=\"fusion-flip-box flip-right\" tabindex=\"0\"><div class=\"flip-box-inner-wrapper\"><div class=\"flip-box-front\" style=\"--awb-background-image-front:url(&#039;https:\/\/access2agile.com\/wp-content\/uploads\/2024\/05\/a2aConsulting_03.jpg&#039;);\"><div class=\"flip-box-front-inner\"><\/div><\/div><div class=\"flip-box-back\" style=\"--awb-background-color-back:var(--awb-custom_color_1);\"><div class=\"flip-box-back-inner\"><h3 class=\"flip-box-heading-back\" style=\"--h3_typography-font-size:30px;\">Methodik<\/h3>\n<div ><a class=\"fusion-button button-flat fusion-button-default-size button-default fusion-button-default button-3 fusion-button-default-span fusion-button-default-type\" target=\"_self\" href=\"https:\/\/access2agile.com\/de\/methodology\/\"><span class=\"fusion-button-text\">MEHR INFOS<\/span><\/a><\/div>\n<\/div><\/div><\/div><\/div><\/div><div class=\"fusion-flip-box-wrapper fusion-column col-lg-3 col-md-3 col-sm-3\"><div class=\"fusion-flip-box flip-right\" tabindex=\"0\"><div class=\"flip-box-inner-wrapper\"><div class=\"flip-box-front\" style=\"--awb-background-image-front:url(&#039;https:\/\/access2agile.com\/wp-content\/uploads\/2024\/05\/a2aConsulting_04.jpg&#039;);\"><div class=\"flip-box-front-inner\"><\/div><\/div><div class=\"flip-box-back\" style=\"--awb-background-color-back:var(--awb-custom_color_1);\"><div class=\"flip-box-back-inner\"><h3 class=\"flip-box-heading-back\" style=\"--h3_typography-font-size:30px;\">Produkte<\/h3>\n<div ><a class=\"fusion-button button-flat fusion-button-default-size button-default fusion-button-default button-4 fusion-button-default-span fusion-button-default-type\" target=\"_self\" href=\"https:\/\/access2agile.com\/de\/products\/\"><span class=\"fusion-button-text\">MEHR INFOS<\/span><\/a><\/div>\n<\/div><\/div><\/div><\/div><\/div><\/div><\/div><\/div><\/div><\/div><\/div><\/p>\n","protected":false},"excerpt":{"rendered":"","protected":false},"author":1,"featured_media":0,"parent":0,"menu_order":0,"comment_status":"closed","ping_status":"closed","template":"100-width.php","meta":{"footnotes":""},"class_list":["post-4021","page","type-page","status-publish","hentry"],"yoast_head":"<!-- This site is optimized with the Yoast SEO plugin v27.4 - https:\/\/yoast.com\/product\/yoast-seo-wordpress\/ -->\n<title>Expertise &amp; Dienstleistungen - access2agile<\/title>\n<meta name=\"robots\" content=\"index, follow, max-snippet:-1, max-image-preview:large, max-video-preview:-1\" \/>\n<link rel=\"canonical\" href=\"https:\/\/access2agile.com\/de\/expertise-services\/\" \/>\n<meta property=\"og:locale\" content=\"de_DE\" \/>\n<meta property=\"og:type\" content=\"article\" \/>\n<meta property=\"og:title\" content=\"Expertise &amp; Dienstleistungen - access2agile\" \/>\n<meta property=\"og:url\" content=\"https:\/\/access2agile.com\/de\/expertise-services\/\" \/>\n<meta property=\"og:site_name\" content=\"access2agile\" \/>\n<meta property=\"article:modified_time\" content=\"2024-09-11T08:49:58+00:00\" \/>\n<meta name=\"twitter:card\" content=\"summary_large_image\" \/>\n<meta name=\"twitter:label1\" content=\"Gesch\u00e4tzte Lesezeit\" \/>\n\t<meta name=\"twitter:data1\" content=\"3\u00a0Minuten\" \/>\n<script type=\"application\/ld+json\" class=\"yoast-schema-graph\">{\"@context\":\"https:\\\/\\\/schema.org\",\"@graph\":[{\"@type\":\"WebPage\",\"@id\":\"https:\\\/\\\/access2agile.com\\\/de\\\/expertise-services\\\/\",\"url\":\"https:\\\/\\\/access2agile.com\\\/de\\\/expertise-services\\\/\",\"name\":\"Expertise & Dienstleistungen - access2agile\",\"isPartOf\":{\"@id\":\"https:\\\/\\\/access2agile.com\\\/de\\\/#website\"},\"datePublished\":\"2024-05-27T10:11:23+00:00\",\"dateModified\":\"2024-09-11T08:49:58+00:00\",\"breadcrumb\":{\"@id\":\"https:\\\/\\\/access2agile.com\\\/de\\\/expertise-services\\\/#breadcrumb\"},\"inLanguage\":\"de\",\"potentialAction\":[{\"@type\":\"ReadAction\",\"target\":[\"https:\\\/\\\/access2agile.com\\\/de\\\/expertise-services\\\/\"]}]},{\"@type\":\"BreadcrumbList\",\"@id\":\"https:\\\/\\\/access2agile.com\\\/de\\\/expertise-services\\\/#breadcrumb\",\"itemListElement\":[{\"@type\":\"ListItem\",\"position\":1,\"name\":\"Startseite\",\"item\":\"https:\\\/\\\/access2agile.com\\\/de\\\/\"},{\"@type\":\"ListItem\",\"position\":2,\"name\":\"Expertise &#038; Dienstleistungen\"}]},{\"@type\":\"WebSite\",\"@id\":\"https:\\\/\\\/access2agile.com\\\/de\\\/#website\",\"url\":\"https:\\\/\\\/access2agile.com\\\/de\\\/\",\"name\":\"access2agile\",\"description\":\"\",\"potentialAction\":[{\"@type\":\"SearchAction\",\"target\":{\"@type\":\"EntryPoint\",\"urlTemplate\":\"https:\\\/\\\/access2agile.com\\\/de\\\/?s={search_term_string}\"},\"query-input\":{\"@type\":\"PropertyValueSpecification\",\"valueRequired\":true,\"valueName\":\"search_term_string\"}}],\"inLanguage\":\"de\"}]}<\/script>\n<!-- \/ Yoast SEO plugin. -->","yoast_head_json":{"title":"Expertise & Dienstleistungen - access2agile","robots":{"index":"index","follow":"follow","max-snippet":"max-snippet:-1","max-image-preview":"max-image-preview:large","max-video-preview":"max-video-preview:-1"},"canonical":"https:\/\/access2agile.com\/de\/expertise-services\/","og_locale":"de_DE","og_type":"article","og_title":"Expertise & Dienstleistungen - access2agile","og_url":"https:\/\/access2agile.com\/de\/expertise-services\/","og_site_name":"access2agile","article_modified_time":"2024-09-11T08:49:58+00:00","twitter_card":"summary_large_image","twitter_misc":{"Gesch\u00e4tzte Lesezeit":"3\u00a0Minuten"},"schema":{"@context":"https:\/\/schema.org","@graph":[{"@type":"WebPage","@id":"https:\/\/access2agile.com\/de\/expertise-services\/","url":"https:\/\/access2agile.com\/de\/expertise-services\/","name":"Expertise & Dienstleistungen - access2agile","isPartOf":{"@id":"https:\/\/access2agile.com\/de\/#website"},"datePublished":"2024-05-27T10:11:23+00:00","dateModified":"2024-09-11T08:49:58+00:00","breadcrumb":{"@id":"https:\/\/access2agile.com\/de\/expertise-services\/#breadcrumb"},"inLanguage":"de","potentialAction":[{"@type":"ReadAction","target":["https:\/\/access2agile.com\/de\/expertise-services\/"]}]},{"@type":"BreadcrumbList","@id":"https:\/\/access2agile.com\/de\/expertise-services\/#breadcrumb","itemListElement":[{"@type":"ListItem","position":1,"name":"Startseite","item":"https:\/\/access2agile.com\/de\/"},{"@type":"ListItem","position":2,"name":"Expertise &#038; Dienstleistungen"}]},{"@type":"WebSite","@id":"https:\/\/access2agile.com\/de\/#website","url":"https:\/\/access2agile.com\/de\/","name":"access2agile","description":"","potentialAction":[{"@type":"SearchAction","target":{"@type":"EntryPoint","urlTemplate":"https:\/\/access2agile.com\/de\/?s={search_term_string}"},"query-input":{"@type":"PropertyValueSpecification","valueRequired":true,"valueName":"search_term_string"}}],"inLanguage":"de"}]}},"_links":{"self":[{"href":"https:\/\/access2agile.com\/de\/wp-json\/wp\/v2\/pages\/4021","targetHints":{"allow":["GET"]}}],"collection":[{"href":"https:\/\/access2agile.com\/de\/wp-json\/wp\/v2\/pages"}],"about":[{"href":"https:\/\/access2agile.com\/de\/wp-json\/wp\/v2\/types\/page"}],"author":[{"embeddable":true,"href":"https:\/\/access2agile.com\/de\/wp-json\/wp\/v2\/users\/1"}],"replies":[{"embeddable":true,"href":"https:\/\/access2agile.com\/de\/wp-json\/wp\/v2\/comments?post=4021"}],"version-history":[{"count":4,"href":"https:\/\/access2agile.com\/de\/wp-json\/wp\/v2\/pages\/4021\/revisions"}],"predecessor-version":[{"id":4097,"href":"https:\/\/access2agile.com\/de\/wp-json\/wp\/v2\/pages\/4021\/revisions\/4097"}],"wp:attachment":[{"href":"https:\/\/access2agile.com\/de\/wp-json\/wp\/v2\/media?parent=4021"}],"curies":[{"name":"wp","href":"https:\/\/api.w.org\/{rel}","templated":true}]}}