{"id":4028,"date":"2024-05-28T11:56:32","date_gmt":"2024-05-28T09:56:32","guid":{"rendered":"https:\/\/access2agile.com\/products\/"},"modified":"2024-09-11T10:51:24","modified_gmt":"2024-09-11T08:51:24","slug":"products","status":"publish","type":"page","link":"https:\/\/access2agile.com\/de\/products\/","title":{"rendered":"Produkte"},"content":{"rendered":"<p><div class=\"fusion-fullwidth fullwidth-box fusion-builder-row-1 fusion-flex-container has-pattern-background has-mask-background nonhundred-percent-fullwidth non-hundred-percent-height-scrolling\" style=\"--awb-border-radius-top-left:0px;--awb-border-radius-top-right:0px;--awb-border-radius-bottom-right:0px;--awb-border-radius-bottom-left:0px;--awb-flex-wrap:wrap;\" ><div class=\"fusion-builder-row fusion-row fusion-flex-align-items-flex-start fusion-flex-content-wrap\" style=\"max-width:1248px;margin-left: calc(-4% \/ 2 );margin-right: calc(-4% \/ 2 );\"><div class=\"fusion-layout-column fusion_builder_column fusion-builder-column-0 fusion_builder_column_1_1 1_1 fusion-flex-column\" style=\"--awb-bg-size:cover;--awb-width-large:100%;--awb-margin-top-large:0px;--awb-spacing-right-large:1.92%;--awb-margin-bottom-large:50px;--awb-spacing-left-large:1.92%;--awb-width-medium:100%;--awb-order-medium:0;--awb-spacing-right-medium:1.92%;--awb-spacing-left-medium:1.92%;--awb-width-small:100%;--awb-order-small:0;--awb-spacing-right-small:1.92%;--awb-spacing-left-small:1.92%;\" data-scroll-devices=\"small-visibility,medium-visibility,large-visibility\"><div class=\"fusion-column-wrapper fusion-column-has-shadow fusion-flex-justify-content-flex-start fusion-content-layout-column\"><div class=\"fusion-text fusion-text-1\"><p style=\"text-align: left;\">Unser Produktportfolio umfasst innovative Tools und Plattformen, die Ihre agile Reise unterst\u00fctzen und verbessern. Von der Agile Toolbox, die eine umfassende Sammlung von Ressourcen, Vorlagen und \u00dcbungen bietet, bis hin zum Agile Navigator, unserer digitalen Plattform f\u00fcr die Planung, Durchf\u00fchrung und \u00dcberwachung agiler Transformationen, sind unsere Produkte so konzipiert, dass sie den sich entwickelnden Anforderungen agiler Teams und Organisationen gerecht werden. Diese Tools bieten praktische L\u00f6sungen f\u00fcr allgemeine Herausforderungen, rationalisieren Prozesse und f\u00f6rdern eine Kultur der kontinuierlichen Verbesserung. Erkunden Sie unser Produktportfolio, um die richtigen Tools zu finden, mit denen Sie Ihre Teams unterst\u00fctzen, die Effizienz steigern und Ihre agilen Ziele sicher erreichen k\u00f6nnen.<\/p>\n<\/div><\/div><\/div><div class=\"fusion-layout-column fusion_builder_column fusion-builder-column-1 fusion_builder_column_1_1 1_1 fusion-flex-column fusion-animated\" style=\"--awb-padding-top:20px;--awb-padding-right:20px;--awb-padding-bottom:20px;--awb-padding-left:20px;--awb-overflow:hidden;--awb-bg-size:cover;--awb-box-shadow:5px 5px 24px 1px #b2b2b2;;--awb-border-radius:15px 0px 15px 0px;--awb-width-large:100%;--awb-margin-top-large:0px;--awb-spacing-right-large:1.92%;--awb-margin-bottom-large:50px;--awb-spacing-left-large:1.92%;--awb-width-medium:100%;--awb-order-medium:0;--awb-spacing-right-medium:1.92%;--awb-spacing-left-medium:1.92%;--awb-width-small:100%;--awb-order-small:0;--awb-spacing-right-small:1.92%;--awb-spacing-left-small:1.92%;\" data-animationType=\"fadeInDown\" data-animationDuration=\"0.8\" data-animationOffset=\"top-into-view\" data-scroll-devices=\"small-visibility,medium-visibility,large-visibility\"><div class=\"fusion-column-wrapper fusion-column-has-shadow fusion-flex-justify-content-flex-start fusion-content-layout-column\"><div class=\"fusion-text fusion-text-2\"><p><strong>Agile Toolbox<\/strong>: St\u00e4rken und verbessern Sie Ihre agilen Praktiken mit der access2agile Agile Toolbox. Unsere umfassende Sammlung von Ressourcen, Vorlagen und \u00dcbungen wurde entwickelt, um Organisationen in jeder Phase ihrer agilen Reise zu unterst\u00fctzen. Egal, ob Sie gerade erst anfangen oder Ihre agilen Praktiken verfeinern wollen, unsere Toolbox bietet eine F\u00fclle von Tools und Methoden f\u00fcr Bereiche wie Scrum, Kanban, Agile Leadership, Team Collaboration, Kommunikation und Change Management. Mit praktischen Anleitungen und anpassbaren Vorlagen unterst\u00fctzt die access2agile Agile Toolbox Teams und Organisationen dabei, Agilit\u00e4t zu leben, Innovationen zu f\u00f6rdern und den Erfolg in der heutigen schnelllebigen Gesch\u00e4ftswelt voranzutreiben.<\/p>\n<\/div><\/div><\/div><div class=\"fusion-layout-column fusion_builder_column fusion-builder-column-2 fusion_builder_column_1_1 1_1 fusion-flex-column\" style=\"--awb-padding-top:20px;--awb-padding-right:20px;--awb-padding-bottom:20px;--awb-padding-left:20px;--awb-overflow:hidden;--awb-bg-size:cover;--awb-box-shadow:5px 5px 24px 1px #b2b2b2;;--awb-border-radius:15px 0px 15px 0px;--awb-width-large:100%;--awb-margin-top-large:0px;--awb-spacing-right-large:1.92%;--awb-margin-bottom-large:50px;--awb-spacing-left-large:1.92%;--awb-width-medium:100%;--awb-order-medium:0;--awb-spacing-right-medium:1.92%;--awb-spacing-left-medium:1.92%;--awb-width-small:100%;--awb-order-small:0;--awb-spacing-right-small:1.92%;--awb-spacing-left-small:1.92%;\" data-scroll-devices=\"small-visibility,medium-visibility,large-visibility\"><div class=\"fusion-column-wrapper fusion-column-has-shadow fusion-flex-justify-content-flex-start fusion-content-layout-column\"><div class=\"fusion-text fusion-text-3\"><p><strong>Agile Navigator: <\/strong>Navigieren Sie mit dem access2agile Agile Navigator sicher durch Ihre agile Transformation. Unsere digitale Plattform bietet Unternehmen die Werkzeuge und Einblicke, die sie ben\u00f6tigen, um ihre agilen Initiativen effektiv zu planen, durchzuf\u00fchren und zu \u00fcberwachen. Von der Bewertung des aktuellen agilen Reifegrads \u00fcber die Erstellung individueller Roadmaps bis hin zur \u00dcberwachung des Fortschritts durch intuitive Dashboards &#8211; der Agile Navigator erm\u00f6glicht es Unternehmen, ihre agile Reise mit Zuversicht anzutreten. Mit umsetzbaren Erkenntnissen und Echtzeit-Transparenz in Ihren agilen Initiativen erm\u00f6glicht der Agile Navigator kontinuierliche Verbesserungen, f\u00f6rdert die Zusammenarbeit und beschleunigt Ihren Weg zur Agilit\u00e4t.<\/p>\n<\/div><\/div><\/div><div class=\"fusion-layout-column fusion_builder_column fusion-builder-column-3 fusion_builder_column_1_1 1_1 fusion-flex-column fusion-animated\" style=\"--awb-padding-top:20px;--awb-padding-right:20px;--awb-padding-bottom:20px;--awb-padding-left:20px;--awb-overflow:hidden;--awb-bg-size:cover;--awb-box-shadow:5px 5px 24px 1px #b2b2b2;;--awb-border-radius:15px 0px 15px 0px;--awb-width-large:100%;--awb-margin-top-large:0px;--awb-spacing-right-large:1.92%;--awb-margin-bottom-large:50px;--awb-spacing-left-large:1.92%;--awb-width-medium:100%;--awb-order-medium:0;--awb-spacing-right-medium:1.92%;--awb-spacing-left-medium:1.92%;--awb-width-small:100%;--awb-order-small:0;--awb-spacing-right-small:1.92%;--awb-spacing-left-small:1.92%;\" data-animationType=\"fadeInDown\" data-animationDuration=\"0.8\" data-animationOffset=\"top-into-view\" data-scroll-devices=\"small-visibility,medium-visibility,large-visibility\"><div class=\"fusion-column-wrapper fusion-column-has-shadow fusion-flex-justify-content-flex-start fusion-content-layout-column\"><div class=\"fusion-text fusion-text-4\"><p><strong>Agile Brownbags<\/strong>: Tauchen Sie ein in die Welt der agilen Innovation mit den Agile Brownbags von access2agile. Diese fesselnden und interaktiven Sitzungen bieten Teams eine Plattform, um neue Ideen zu erkunden, Best Practices auszutauschen und eine Kultur des kontinuierlichen Lernens zu f\u00f6rdern. Unter der Leitung erfahrener Agile-Experten decken die Agile Brownbags ein breites Spektrum an Themen ab, darunter agile Methoden, F\u00fchrungsstrategien, Teamdynamik und neue Trends in der agilen Landschaft. Unabh\u00e4ngig davon, ob Sie ein erfahrener Agile-Praktiker oder ein Neuling in diesem Konzept sind, bieten die Agile Brownbags wertvolle Einblicke und praktische Tipps, um Innovationen anzusto\u00dfen und den Erfolg Ihres Unternehmens zu f\u00f6rdern. Nehmen Sie an einer Agile Brownbag-Sitzung teil und beschleunigen Sie Ihre agile Reise noch heute.<\/p>\n<\/div><\/div><\/div><\/div><\/div><div id=\"Projekte\" class=\"fusion-container-anchor\"><div class=\"fusion-fullwidth fullwidth-box fusion-builder-row-2 fusion-flex-container has-pattern-background has-mask-background nonhundred-percent-fullwidth non-hundred-percent-height-scrolling\" style=\"--awb-border-radius-top-left:0px;--awb-border-radius-top-right:0px;--awb-border-radius-bottom-right:0px;--awb-border-radius-bottom-left:0px;--awb-flex-wrap:wrap;\" ><div class=\"fusion-builder-row fusion-row fusion-flex-align-items-flex-start fusion-flex-content-wrap\" style=\"max-width:1248px;margin-left: calc(-4% \/ 2 );margin-right: calc(-4% \/ 2 );\"><div class=\"fusion-layout-column fusion_builder_column fusion-builder-column-4 fusion_builder_column_1_1 1_1 fusion-flex-column\" style=\"--awb-bg-size:cover;--awb-width-large:100%;--awb-margin-top-large:0px;--awb-spacing-right-large:1.92%;--awb-margin-bottom-large:20px;--awb-spacing-left-large:1.92%;--awb-width-medium:100%;--awb-order-medium:0;--awb-spacing-right-medium:1.92%;--awb-spacing-left-medium:1.92%;--awb-width-small:100%;--awb-order-small:0;--awb-spacing-right-small:1.92%;--awb-spacing-left-small:1.92%;\"><div class=\"fusion-column-wrapper fusion-column-has-shadow fusion-flex-justify-content-flex-start fusion-content-layout-column\"><div class=\"fusion-flip-boxes flip-boxes row fusion-columns-4 flip-effect-classic equal-heights\"><div class=\"fusion-flip-box-wrapper fusion-column col-lg-3 col-md-3 col-sm-3\"><div class=\"fusion-flip-box flip-right\" tabindex=\"0\"><div class=\"flip-box-inner-wrapper\"><div class=\"flip-box-front\" style=\"--awb-background-image-front:url(&#039;https:\/\/access2agile.com\/wp-content\/uploads\/2024\/05\/a2aConsulting_01.jpg&#039;);\"><div class=\"flip-box-front-inner\"><\/div><\/div><div class=\"flip-box-back\" style=\"--awb-background-color-back:var(--awb-custom_color_1);\"><div class=\"flip-box-back-inner\"><h3 class=\"flip-box-heading-back\" style=\"--h3_typography-font-size:30px;\">Expertise Dienstleistungen<\/h3>\n<div ><a class=\"fusion-button button-flat fusion-button-default-size button-default fusion-button-default button-1 fusion-button-default-span fusion-button-default-type\" target=\"_self\" href=\"https:\/\/access2agile.com\/de\/expertise-services\/\"><span class=\"fusion-button-text\">MEHR INFOS<\/span><\/a><\/div>\n<\/div><\/div><\/div><\/div><\/div><div class=\"fusion-flip-box-wrapper fusion-column col-lg-3 col-md-3 col-sm-3\"><div class=\"fusion-flip-box flip-right\" tabindex=\"0\"><div class=\"flip-box-inner-wrapper\"><div class=\"flip-box-front\" style=\"--awb-background-image-front:url(&#039;https:\/\/access2agile.com\/wp-content\/uploads\/2024\/05\/a2aConsulting_02.jpg&#039;);\"><div class=\"flip-box-front-inner\"><\/div><\/div><div class=\"flip-box-back\" style=\"--awb-background-color-back:var(--awb-custom_color_1);\"><div class=\"flip-box-back-inner\"><h3 class=\"flip-box-heading-back\" style=\"--h3_typography-font-size:30px;\">Frameworks<\/h3>\n<div ><a class=\"fusion-button button-flat fusion-button-default-size button-default fusion-button-default button-2 fusion-button-default-span fusion-button-default-type\" target=\"_self\" href=\"https:\/\/access2agile.com\/de\/frameworks\/\"><span class=\"fusion-button-text\">MEHR INFOS<\/span><\/a><\/div>\n<\/div><\/div><\/div><\/div><\/div><div class=\"fusion-flip-box-wrapper fusion-column col-lg-3 col-md-3 col-sm-3\"><div class=\"fusion-flip-box flip-right\" tabindex=\"0\"><div class=\"flip-box-inner-wrapper\"><div class=\"flip-box-front\" style=\"--awb-background-image-front:url(&#039;https:\/\/access2agile.com\/wp-content\/uploads\/2024\/05\/a2aConsulting_03.jpg&#039;);\"><div class=\"flip-box-front-inner\"><\/div><\/div><div class=\"flip-box-back\" style=\"--awb-background-color-back:var(--awb-custom_color_1);\"><div class=\"flip-box-back-inner\"><h3 class=\"flip-box-heading-back\" style=\"--h3_typography-font-size:30px;\">Methodik<\/h3>\n<div ><a class=\"fusion-button button-flat fusion-button-default-size button-default fusion-button-default button-3 fusion-button-default-span fusion-button-default-type\" target=\"_self\" href=\"https:\/\/access2agile.com\/de\/methodology\/\"><span class=\"fusion-button-text\">MEHR INFOS<\/span><\/a><\/div>\n<\/div><\/div><\/div><\/div><\/div><div class=\"fusion-flip-box-wrapper fusion-column col-lg-3 col-md-3 col-sm-3\"><div class=\"fusion-flip-box flip-right\" tabindex=\"0\"><div class=\"flip-box-inner-wrapper\"><div class=\"flip-box-front\" style=\"--awb-background-image-front:url(&#039;https:\/\/access2agile.com\/wp-content\/uploads\/2024\/05\/a2aConsulting_04.jpg&#039;);\"><div class=\"flip-box-front-inner\"><\/div><\/div><div class=\"flip-box-back\" style=\"--awb-background-color-back:var(--awb-custom_color_1);\"><div class=\"flip-box-back-inner\"><h3 class=\"flip-box-heading-back\" style=\"--h3_typography-font-size:30px;\">Produkte<\/h3>\n<div ><a class=\"fusion-button button-flat fusion-button-default-size button-default fusion-button-default button-4 fusion-button-default-span fusion-button-default-type\" target=\"_self\" href=\"https:\/\/access2agile.com\/de\/products\/\"><span class=\"fusion-button-text\">MEHR INFOS<\/span><\/a><\/div>\n<\/div><\/div><\/div><\/div><\/div><\/div><\/div><\/div><\/div><\/div><\/div><\/p>\n","protected":false},"excerpt":{"rendered":"","protected":false},"author":4,"featured_media":0,"parent":0,"menu_order":0,"comment_status":"closed","ping_status":"closed","template":"100-width.php","meta":{"footnotes":""},"class_list":["post-4028","page","type-page","status-publish","hentry"],"yoast_head":"<!-- This site is optimized with the Yoast SEO plugin v27.4 - https:\/\/yoast.com\/product\/yoast-seo-wordpress\/ -->\n<title>Produkte - access2agile<\/title>\n<meta name=\"robots\" content=\"index, follow, max-snippet:-1, max-image-preview:large, max-video-preview:-1\" \/>\n<link rel=\"canonical\" href=\"https:\/\/access2agile.com\/de\/products\/\" \/>\n<meta property=\"og:locale\" content=\"de_DE\" \/>\n<meta property=\"og:type\" content=\"article\" \/>\n<meta property=\"og:title\" content=\"Produkte - access2agile\" \/>\n<meta property=\"og:url\" content=\"https:\/\/access2agile.com\/de\/products\/\" \/>\n<meta property=\"og:site_name\" content=\"access2agile\" \/>\n<meta property=\"article:modified_time\" content=\"2024-09-11T08:51:24+00:00\" \/>\n<meta name=\"twitter:card\" content=\"summary_large_image\" \/>\n<meta name=\"twitter:label1\" content=\"Gesch\u00e4tzte Lesezeit\" \/>\n\t<meta name=\"twitter:data1\" content=\"2\u00a0Minuten\" \/>\n<script type=\"application\/ld+json\" class=\"yoast-schema-graph\">{\"@context\":\"https:\\\/\\\/schema.org\",\"@graph\":[{\"@type\":\"WebPage\",\"@id\":\"https:\\\/\\\/access2agile.com\\\/de\\\/products\\\/\",\"url\":\"https:\\\/\\\/access2agile.com\\\/de\\\/products\\\/\",\"name\":\"Produkte - access2agile\",\"isPartOf\":{\"@id\":\"https:\\\/\\\/access2agile.com\\\/de\\\/#website\"},\"datePublished\":\"2024-05-28T09:56:32+00:00\",\"dateModified\":\"2024-09-11T08:51:24+00:00\",\"breadcrumb\":{\"@id\":\"https:\\\/\\\/access2agile.com\\\/de\\\/products\\\/#breadcrumb\"},\"inLanguage\":\"de\",\"potentialAction\":[{\"@type\":\"ReadAction\",\"target\":[\"https:\\\/\\\/access2agile.com\\\/de\\\/products\\\/\"]}]},{\"@type\":\"BreadcrumbList\",\"@id\":\"https:\\\/\\\/access2agile.com\\\/de\\\/products\\\/#breadcrumb\",\"itemListElement\":[{\"@type\":\"ListItem\",\"position\":1,\"name\":\"Startseite\",\"item\":\"https:\\\/\\\/access2agile.com\\\/de\\\/\"},{\"@type\":\"ListItem\",\"position\":2,\"name\":\"Produkte\"}]},{\"@type\":\"WebSite\",\"@id\":\"https:\\\/\\\/access2agile.com\\\/de\\\/#website\",\"url\":\"https:\\\/\\\/access2agile.com\\\/de\\\/\",\"name\":\"access2agile\",\"description\":\"\",\"potentialAction\":[{\"@type\":\"SearchAction\",\"target\":{\"@type\":\"EntryPoint\",\"urlTemplate\":\"https:\\\/\\\/access2agile.com\\\/de\\\/?s={search_term_string}\"},\"query-input\":{\"@type\":\"PropertyValueSpecification\",\"valueRequired\":true,\"valueName\":\"search_term_string\"}}],\"inLanguage\":\"de\"}]}<\/script>\n<!-- \/ Yoast SEO plugin. -->","yoast_head_json":{"title":"Produkte - access2agile","robots":{"index":"index","follow":"follow","max-snippet":"max-snippet:-1","max-image-preview":"max-image-preview:large","max-video-preview":"max-video-preview:-1"},"canonical":"https:\/\/access2agile.com\/de\/products\/","og_locale":"de_DE","og_type":"article","og_title":"Produkte - access2agile","og_url":"https:\/\/access2agile.com\/de\/products\/","og_site_name":"access2agile","article_modified_time":"2024-09-11T08:51:24+00:00","twitter_card":"summary_large_image","twitter_misc":{"Gesch\u00e4tzte Lesezeit":"2\u00a0Minuten"},"schema":{"@context":"https:\/\/schema.org","@graph":[{"@type":"WebPage","@id":"https:\/\/access2agile.com\/de\/products\/","url":"https:\/\/access2agile.com\/de\/products\/","name":"Produkte - access2agile","isPartOf":{"@id":"https:\/\/access2agile.com\/de\/#website"},"datePublished":"2024-05-28T09:56:32+00:00","dateModified":"2024-09-11T08:51:24+00:00","breadcrumb":{"@id":"https:\/\/access2agile.com\/de\/products\/#breadcrumb"},"inLanguage":"de","potentialAction":[{"@type":"ReadAction","target":["https:\/\/access2agile.com\/de\/products\/"]}]},{"@type":"BreadcrumbList","@id":"https:\/\/access2agile.com\/de\/products\/#breadcrumb","itemListElement":[{"@type":"ListItem","position":1,"name":"Startseite","item":"https:\/\/access2agile.com\/de\/"},{"@type":"ListItem","position":2,"name":"Produkte"}]},{"@type":"WebSite","@id":"https:\/\/access2agile.com\/de\/#website","url":"https:\/\/access2agile.com\/de\/","name":"access2agile","description":"","potentialAction":[{"@type":"SearchAction","target":{"@type":"EntryPoint","urlTemplate":"https:\/\/access2agile.com\/de\/?s={search_term_string}"},"query-input":{"@type":"PropertyValueSpecification","valueRequired":true,"valueName":"search_term_string"}}],"inLanguage":"de"}]}},"_links":{"self":[{"href":"https:\/\/access2agile.com\/de\/wp-json\/wp\/v2\/pages\/4028","targetHints":{"allow":["GET"]}}],"collection":[{"href":"https:\/\/access2agile.com\/de\/wp-json\/wp\/v2\/pages"}],"about":[{"href":"https:\/\/access2agile.com\/de\/wp-json\/wp\/v2\/types\/page"}],"author":[{"embeddable":true,"href":"https:\/\/access2agile.com\/de\/wp-json\/wp\/v2\/users\/4"}],"replies":[{"embeddable":true,"href":"https:\/\/access2agile.com\/de\/wp-json\/wp\/v2\/comments?post=4028"}],"version-history":[{"count":3,"href":"https:\/\/access2agile.com\/de\/wp-json\/wp\/v2\/pages\/4028\/revisions"}],"predecessor-version":[{"id":4100,"href":"https:\/\/access2agile.com\/de\/wp-json\/wp\/v2\/pages\/4028\/revisions\/4100"}],"wp:attachment":[{"href":"https:\/\/access2agile.com\/de\/wp-json\/wp\/v2\/media?parent=4028"}],"curies":[{"name":"wp","href":"https:\/\/api.w.org\/{rel}","templated":true}]}}